{"id":1480,"date":"2023-04-27T22:01:34","date_gmt":"2023-04-27T19:01:34","guid":{"rendered":"https:\/\/optometrija.lv\/?page_id=1480"},"modified":"2026-03-25T11:44:15","modified_gmt":"2026-03-25T09:44:15","slug":"looa-valde","status":"publish","type":"page","link":"https:\/\/optometrija.lv\/?page_id=1480","title":{"rendered":"LOOA strukt\u016bras"},"content":{"rendered":"\n<h2 class=\"wp-block-heading has-white-color has-text-color has-medium-font-size\">.<\/h2>\n\n\n\n<h2 class=\"wp-block-heading has-medium-font-size\">LOOA prezidente (kop\u0161 2022. gada 1. maija, p\u0101rv\u0113l\u0113ta uz 2. termi\u0146u 2026. gada 22. mart\u0101)<\/h2>\n\n\n\n<p>Aiga \u0160vede, Dr.phys., asoc.prof.<\/p>\n\n\n\n<h2 class=\"wp-block-heading has-white-color has-text-color has-medium-font-size\">.<\/h2>\n\n\n\n<h2 class=\"wp-block-heading has-medium-font-size\">LOOA valde (kop\u0161 2022. gada 1. maija)<\/h2>\n\n\n\n<p>Valdes priek\u0161s\u0113d\u0113t\u0101ja: Krist\u012bne Detkova<\/p>\n\n\n\n<p>Valdes locek\u013ci: J\u0101nis B\u0113rzi\u0146\u0161, P\u0113teris Cikma\u010ds, J\u0101nis Dzenis, Evita Kassaliete, Aija Makovska<\/p>\n\n\n<div class=\"wp-block-image\">\n<figure class=\"aligncenter size-large\"><img loading=\"lazy\" decoding=\"async\" width=\"1024\" height=\"768\" src=\"https:\/\/optometrija.lv\/wp-content\/uploads\/2023\/05\/DSC03228-4k-1024x768.jpg\" alt=\"\" class=\"wp-image-1577\" srcset=\"https:\/\/optometrija.lv\/wp-content\/uploads\/2023\/05\/DSC03228-4k-1024x768.jpg 1024w, https:\/\/optometrija.lv\/wp-content\/uploads\/2023\/05\/DSC03228-4k-300x225.jpg 300w, https:\/\/optometrija.lv\/wp-content\/uploads\/2023\/05\/DSC03228-4k-768x576.jpg 768w, https:\/\/optometrija.lv\/wp-content\/uploads\/2023\/05\/DSC03228-4k-1536x1152.jpg 1536w, https:\/\/optometrija.lv\/wp-content\/uploads\/2023\/05\/DSC03228-4k-2048x1536.jpg 2048w\" sizes=\"auto, (max-width: 1024px) 100vw, 1024px\" \/><\/figure>\n<\/div>\n\n\n<p class=\"has-text-align-center\">Att\u0113l\u0101 no kreis\u0101s: Evita Kassaliete, Aija Makovska, J\u0101nis B\u0113rzi\u0146\u0161, Aiga \u0160vede, Krist\u012bne Detkova un P\u0113teris Cikma\u010ds.<\/p>\n\n\n\n<p class=\"has-white-color has-text-color\">.<\/p>\n\n\n\n<h2 class=\"wp-block-heading has-medium-font-size\">Optometristu sertifik\u0101cijas komisija (kop\u0161 2023. gada 7. maija)<\/h2>\n\n\n\n<p>Sertifik\u0101cijas komisijas priek\u0161s\u0113d\u0113t\u0101ja: Aija Makovska<\/p>\n\n\n\n<p>Sertifik\u0101cijas komisijas priek\u0161s\u0113d\u0113t\u0101jas vietniece: Zanda Ruskule<\/p>\n\n\n\n<p>Komisijas sekret\u0101re: Agnese J\u0113ce<\/p>\n\n\n\n<p>Komisijas locek\u013ci: Ieva Ansone, Krista Caune-B\u0113rzi\u0146a, Je\u013cena St\u016bri\u0161ka, Katr\u012bna Ulberte.<\/p>\n\n\n\n<p>E-pasts sazi\u0146ai: optometristu.sertifikacija@gmail.com<\/p>\n\n\n<div class=\"wp-block-image\">\n<figure class=\"aligncenter size-large\"><img loading=\"lazy\" decoding=\"async\" width=\"1024\" height=\"768\" src=\"https:\/\/optometrija.lv\/wp-content\/uploads\/2023\/05\/DSC03207-4k-1024x768.jpg\" alt=\"\" class=\"wp-image-1574\" srcset=\"https:\/\/optometrija.lv\/wp-content\/uploads\/2023\/05\/DSC03207-4k-1024x768.jpg 1024w, https:\/\/optometrija.lv\/wp-content\/uploads\/2023\/05\/DSC03207-4k-300x225.jpg 300w, https:\/\/optometrija.lv\/wp-content\/uploads\/2023\/05\/DSC03207-4k-768x576.jpg 768w, https:\/\/optometrija.lv\/wp-content\/uploads\/2023\/05\/DSC03207-4k-1536x1152.jpg 1536w, https:\/\/optometrija.lv\/wp-content\/uploads\/2023\/05\/DSC03207-4k-2048x1536.jpg 2048w\" sizes=\"auto, (max-width: 1024px) 100vw, 1024px\" \/><\/figure>\n<\/div>\n\n\n<h2 class=\"wp-block-heading has-white-color has-text-color has-medium-font-size\">.<\/h2>\n\n\n\n<h2 class=\"wp-block-heading has-medium-font-size\">Kvalifik\u0101cijas padome (kop\u0161 2023. gada 7. maija)<\/h2>\n\n\n\n<p>Kvalifik\u0101cijas padomes priek\u0161s\u0113d\u0113t\u0101ja: Evita Kassaliete<\/p>\n\n\n\n<p>Kvalifik\u0101cijas padomes priek\u0161s\u0113d\u0113t\u0101jas vietnieks: Edijs Ozols-Ozoli\u0146\u0161<\/p>\n\n\n\n<p>Kvalifik\u0101cijas padomes locek\u013ci: Ieva Degtere, Krist\u012bne Detkova, Ilze Dil\u0101ne, Jolanta Laugale, Karola Panke, Guna P\u016bce, Aiga \u0160vede.<\/p>\n\n\n<div class=\"wp-block-image\">\n<figure class=\"aligncenter size-large\"><img loading=\"lazy\" decoding=\"async\" width=\"1024\" height=\"683\" src=\"https:\/\/optometrija.lv\/wp-content\/uploads\/2023\/05\/DSC03211-4k-1024x683.jpg\" alt=\"\" class=\"wp-image-1575\" srcset=\"https:\/\/optometrija.lv\/wp-content\/uploads\/2023\/05\/DSC03211-4k-1024x683.jpg 1024w, https:\/\/optometrija.lv\/wp-content\/uploads\/2023\/05\/DSC03211-4k-300x200.jpg 300w, https:\/\/optometrija.lv\/wp-content\/uploads\/2023\/05\/DSC03211-4k-768x512.jpg 768w, https:\/\/optometrija.lv\/wp-content\/uploads\/2023\/05\/DSC03211-4k-1536x1024.jpg 1536w, https:\/\/optometrija.lv\/wp-content\/uploads\/2023\/05\/DSC03211-4k-2048x1365.jpg 2048w\" sizes=\"auto, (max-width: 1024px) 100vw, 1024px\" \/><\/figure>\n<\/div>\n\n\n<h2 class=\"wp-block-heading has-white-color has-text-color has-medium-font-size\">.<\/h2>\n\n\n\n<h2 class=\"wp-block-heading has-medium-font-size\">\u0112tikas komisija (kop\u0161 2025. gada 23. marta)<\/h2>\n\n\n\n<p>\u0112tikas komisijas priek\u0161s\u0113d\u0113t\u0101ja: Je\u013cena Slabcova<\/p>\n\n\n\n<p>Priek\u0161s\u0113d\u0113t\u0101jas vietniece: Karola Panke<\/p>\n\n\n\n<p>Locek\u013ci: Evija Bark\u0101ne, Aiga \u0160vede, Krist\u012bne Kalni\u010da-Doro\u0161enko<\/p>\n\n\n\n<figure class=\"wp-block-image size-large\"><img loading=\"lazy\" decoding=\"async\" width=\"1024\" height=\"286\" src=\"https:\/\/optometrija.lv\/wp-content\/uploads\/2025\/06\/EK2025-sasaukums-foto-1-1024x286.jpg\" alt=\"\" class=\"wp-image-2901\" srcset=\"https:\/\/optometrija.lv\/wp-content\/uploads\/2025\/06\/EK2025-sasaukums-foto-1-1024x286.jpg 1024w, https:\/\/optometrija.lv\/wp-content\/uploads\/2025\/06\/EK2025-sasaukums-foto-1-300x84.jpg 300w, https:\/\/optometrija.lv\/wp-content\/uploads\/2025\/06\/EK2025-sasaukums-foto-1-768x214.jpg 768w, https:\/\/optometrija.lv\/wp-content\/uploads\/2025\/06\/EK2025-sasaukums-foto-1.jpg 1280w\" sizes=\"auto, (max-width: 1024px) 100vw, 1024px\" \/><\/figure>\n\n\n\n<p class=\"has-white-color has-text-color has-link-color wp-elements-7e4ac651328708ea719ac0894fa30934\">.<\/p>\n\n\n\n<h2 class=\"wp-block-heading has-medium-font-size\">LOOA biedru saraksts<\/h2>\n\n\n\n<p><a href=\"https:\/\/optometrija.lv\/wp-content\/uploads\/2025\/04\/LOOA-biedru-saraksts_10.04.2025.pdf\"><strong>LOOA biedru saraksts (uz 10.04.2025.)<\/strong><\/a><\/p>\n\n\n\n<p><\/p>\n","protected":false},"excerpt":{"rendered":"<p>LOOA valde<\/p>\n","protected":false},"author":2,"featured_media":0,"parent":0,"menu_order":0,"comment_status":"closed","ping_status":"closed","template":"","meta":{"footnotes":""},"class_list":["post-1480","page","type-page","status-publish","hentry"],"_links":{"self":[{"href":"https:\/\/optometrija.lv\/index.php?rest_route=\/wp\/v2\/pages\/1480","targetHints":{"allow":["GET"]}}],"collection":[{"href":"https:\/\/optometrija.lv\/index.php?rest_route=\/wp\/v2\/pages"}],"about":[{"href":"https:\/\/optometrija.lv\/index.php?rest_route=\/wp\/v2\/types\/page"}],"author":[{"embeddable":true,"href":"https:\/\/optometrija.lv\/index.php?rest_route=\/wp\/v2\/users\/2"}],"replies":[{"embeddable":true,"href":"https:\/\/optometrija.lv\/index.php?rest_route=%2Fwp%2Fv2%2Fcomments&post=1480"}],"version-history":[{"count":11,"href":"https:\/\/optometrija.lv\/index.php?rest_route=\/wp\/v2\/pages\/1480\/revisions"}],"predecessor-version":[{"id":3390,"href":"https:\/\/optometrija.lv\/index.php?rest_route=\/wp\/v2\/pages\/1480\/revisions\/3390"}],"wp:attachment":[{"href":"https:\/\/optometrija.lv\/index.php?rest_route=%2Fwp%2Fv2%2Fmedia&parent=1480"}],"curies":[{"name":"wp","href":"https:\/\/api.w.org\/{rel}","templated":true}]}}