{"id":1509,"date":"2023-05-02T21:59:01","date_gmt":"2023-05-02T18:59:01","guid":{"rendered":"https:\/\/optometrija.lv\/?page_id=1509"},"modified":"2023-05-31T13:18:19","modified_gmt":"2023-05-31T10:18:19","slug":"looa-statuti","status":"publish","type":"page","link":"https:\/\/optometrija.lv\/?page_id=1509","title":{"rendered":"LOOA stat\u016bti"},"content":{"rendered":"\n<h1 class=\"wp-block-heading has-white-color has-text-color has-medium-font-size\">.<\/h1>\n\n\n\n<h1 class=\"wp-block-heading has-medium-font-size\"><strong>1. noda\u013ca. Biedr\u012bbas nosaukums<\/strong><\/h1>\n\n\n\n<p class=\"has-small-font-size\">1.1. Biedr\u012bbas nosaukums ir <strong>&#8220;LATVIJAS OPTOMETRISTU UN OPTI\u0136U ASOCI\u0100CIJA&#8221; <\/strong>(turpm\u0101k tekst\u0101 &#8211; Biedr\u012bba).<\/p>\n\n\n\n<p>1.2. Biedr\u012bbas nosaukuma sa\u012bsin\u0101jums ir &#8220;LOOA&#8221;.<\/p>\n\n\n\n<p class=\"has-small-font-size\">1.3. Biedr\u012bbas nosaukuma tulkojums ang\u013cu valod\u0101 ir: \u201eAssociation of Latvian optometrists and opticians\u201d. Biedr\u012bbas nosaukuma tulkojumu ang\u013cu valod\u0101 nesa\u012bsina.<\/p>\n\n\n\n<h1 class=\"wp-block-heading has-medium-font-size\"><strong>2. noda\u013ca. Biedr\u012bbas m\u0113r\u0137i un uzdevumi<\/strong><\/h1>\n\n\n\n<p class=\"has-small-font-size\">2.1. Biedr\u012bbas m\u0113r\u0137i ir: <\/p>\n\n\n\n<p class=\"has-small-font-size\">2.1.1. <span style=\"font-size: revert;\">veicin\u0101t Eiropas Savien\u012bbas un citiem starptautiskiem standartiem atbilsto\u0161as prim\u0101r\u0101s redzes apr\u016bpes sist\u0113mas un normat\u012bvo aktu ievie\u0161anu Latvij\u0101, prim\u0101r\u0101s redzes apr\u016bpes speci\u0101listu \u2013 optometristu un opti\u0137u profesijas presti\u017eu un profesion\u0101lo izaugsmi sadarb\u012bb\u0101 ar LR Vesel\u012bbas ministriju, LR Labkl\u0101j\u012bbas ministriju, LR Izgl\u012bt\u012bbas un zin\u0101tnes ministriju, Vesel\u012bbas inspekciju, Latvijas \u0101rstniec\u012bbas personu profesion\u0101lo organiz\u0101ciju savien\u012bbu (L\u0100PPOS), un cit\u0101m valsts iest\u0101d\u0113m un nevalstisk\u0101m organiz\u0101cij\u0101m.<\/span><\/p>\n\n\n\n<p class=\"has-small-font-size\">2.2. M\u0113r\u0137u sasnieg\u0161anai Biedr\u012bba veic sekojo\u0161us uzdevumus:<\/p>\n\n\n\n<p class=\"has-small-font-size\">2.2.1. <span style=\"font-size: revert;\">veic prim\u0101r\u0101s redzes apr\u016bpes speci\u0101listu kvalifik\u0101cijas atbilst\u012bbas uzraudz\u012bbu un nov\u0113rt\u0113\u0161anu saska\u0146\u0101 ar Latvijas un Eiropas Savien\u012bbas norm\u0101m;<\/span> <\/p>\n\n\n\n<p class=\"has-small-font-size\">2.2.2. <span style=\"font-size: revert;\">normat\u012bvos aktos noteikt\u0101 k\u0101rt\u012bb\u0101 sertific\u0113 prim\u0101r\u0101s redzes apr\u016bpes speci\u0101listus; <\/span><\/p>\n\n\n\n<p class=\"has-small-font-size\">2.2.3. <span style=\"font-size: revert;\">l\u012bdzdarbojas Eiropas Savien\u012bbas un citu starptautisku optometristu un opti\u0137u asoci\u0101ciju darb\u012bb\u0101;<\/span> <\/p>\n\n\n\n<p class=\"has-small-font-size\">2.2.4. <span style=\"font-size: revert;\">veicina prim\u0101r\u0101s redzes apr\u016bpes person\u0101la profesion\u0101l\u0101s kvalifik\u0101cijas cel\u0161anu atbilsto\u0161i progresam redzes zin\u0101tn\u0113 un ar to saist\u012bto praktisko pielietojumu nozar\u0113s;<\/span><\/p>\n\n\n\n<p class=\"has-small-font-size\">2.2.5. <span style=\"font-size: revert;\">veicina iedz\u012bvot\u0101ju izgl\u012bto\u0161anu redzes higi\u0113nas un profilakses jaut\u0101jumos un nov\u0113r\u0161 nekvalific\u0113tus un redzei kait\u012bgus pakalpojumus;<\/span><\/p>\n\n\n\n<p class=\"has-small-font-size\">2.2.6. <span style=\"font-size: revert;\">nodro\u0161ina savu biedru profesion\u0101lo un ekonomisko intere\u0161u aizsardz\u012bbu;<\/span><\/p>\n\n\n\n<p class=\"has-small-font-size\">2.2.7. veic citu darb\u012bbu m\u0113r\u0137u sasnieg\u0161anai.<\/p>\n\n\n\n<h1 class=\"wp-block-heading has-medium-font-size\"><strong>3. noda\u013ca. Biedr\u012bbas darb\u012bbas termi\u0146\u0161<\/strong><\/h1>\n\n\n\n<p class=\"has-small-font-size\">3.1. Biedr\u012bba ir nodibin\u0101ta uz nenoteiktu laiku.<\/p>\n\n\n\n<h1 class=\"wp-block-heading has-medium-font-size\"><strong>4. noda\u013ca. Biedr\u012bbas biedri, to iest\u0101\u0161an\u0101s, izst\u0101\u0161an\u0101s un izsl\u0113g\u0161ana<\/strong><\/h1>\n\n\n\n<p class=\"has-small-font-size\">4.1. Biedr\u012bbai ir biedri un Goda biedri.<\/p>\n\n\n\n<p class=\"has-small-font-size\">4.2. <span style=\"font-size: revert;\">Par Biedr\u012bbas biedru var k\u013c\u016bt optometristi, opti\u0137i un citas ar prim\u0101ro redzes apr\u016bpi saist\u012btas personas. Persona, kura v\u0113las k\u013c\u016bt par Biedr\u012bbas biedru, vald\u0113 iesniedz noteiktas formas rakstisku iesniegumu, kur apliecina, ka iepazinusies ar Biedr\u012bbas stat\u016btiem, ap\u0146emas tos iev\u0113rot, k\u0101 ar\u012b sekm\u0113t Biedr\u012bbas m\u0113r\u0137u un uzdevumu \u012bsteno\u0161anu. Pieteikuma formu un tam kl\u0101t pievienojamo dokumentu sarakstu nosaka Biedr\u012bbas valde.<\/span><\/p>\n\n\n\n<p class=\"has-small-font-size\">4.3. <span style=\"font-size: revert;\">Par Goda biedru var tikt iev\u0113l\u0113ta persona, kas ir devusi noz\u012bm\u012bgu ieguld\u012bjumu optometrijas nozar\u0113 un\/vai b\u016btiski veicin\u0101ju\u0161i Biedr\u012bbas m\u0113r\u0137u \u012bsteno\u0161anu. Goda biedrus p\u0113c valdes priek\u0161likuma uz\u0146em kongress ar vienk\u0101r\u0161u kl\u0101teso\u0161o biedru (deleg\u0101tu) balsu vair\u0101kumu.<\/span><\/p>\n\n\n\n<p class=\"has-small-font-size\">4.4. <span style=\"font-size: revert;\">L\u0113mumu par biedra uz\u0146em\u0161anu Biedr\u012bb\u0101 pie\u0146em valde. Valdei pieteic\u0113ja l\u016bgums ir j\u0101izskata tuv\u0101k\u0101s s\u0113des laik\u0101, ta\u010du ne ilg\u0101k k\u0101 \u010detru ned\u0113\u013cu laik\u0101 no visu nepiecie\u0161amo dokumentu sa\u0146em\u0161anas br\u012b\u017ea. Uz valdes s\u0113di, kur\u0101 izskata pieteic\u0113ja l\u016bgumu, ir j\u0101uzaicina pats pieteic\u0113js un j\u0101dod vi\u0146am v\u0101rds sava viedok\u013ca pau\u0161anai. Pieteic\u0113ja neiera\u0161an\u0101s nav \u0161\u0137\u0113rslis valdes l\u0113muma pie\u0146em\u0161anai. Valdes motiv\u0113ts l\u0113mums rakstveid\u0101 j\u0101pazi\u0146o pieteic\u0113jam ned\u0113\u013cas laik\u0101 no t\u0101 pie\u0146em\u0161anas br\u012b\u017ea.<\/span><\/p>\n\n\n\n<p class=\"has-small-font-size\">4.5. <span style=\"font-size: revert;\">Valdes noraido\u0161o l\u0113mumu pieteic\u0113js rakstveid\u0101 var p\u0101rs\u016bdz\u0113t kongresam. Ja ar\u012b kongress&nbsp;noraida pieteic\u0113ja l\u016bgumu, pieteic\u0113js nav uz\u0146emts par Biedr\u012bbas biedru, un vi\u0146\u0161 var iesniegt atk\u0101rtotu pieteikumu ne \u0101tr\u0101k k\u0101 p\u0113c gada termi\u0146a izbeig\u0161an\u0101s.<\/span><\/p>\n\n\n\n<p class=\"has-small-font-size\">4.6. <span style=\"font-size: revert;\">Biedrs var jebkur\u0101 laik\u0101 izst\u0101ties no Biedr\u012bbas rakstveid\u0101 pazi\u0146ojot par to valdei.<\/span><\/p>\n\n\n\n<p class=\"has-small-font-size\">4.7. <span style=\"font-size: revert;\">Biedru var izsl\u0113gt no Biedr\u012bbas ar valdes l\u0113mumu, ja:<\/span><\/p>\n\n\n\n<p class=\"has-small-font-size\">4.7.1. <span style=\"font-size: revert;\">biedrs darbojas pret\u0113ji Biedr\u012bbas interes\u0113m;<\/span><\/p>\n\n\n\n<p class=\"has-small-font-size\">4.7.2. <span style=\"font-size: revert;\">biedrs vair\u0101k nek\u0101 6 m\u0113ne\u0161us nav nomaks\u0101jis biedra naudu;<\/span><\/p>\n\n\n\n<p class=\"has-small-font-size\">4.7.3. <span style=\"font-size: revert;\">biedrs nepilda kongresa un valdes l\u0113mumus;<\/span><\/p>\n\n\n\n<p class=\"has-small-font-size\">4.7.4. <span style=\"font-size: revert;\">biedrs nepilda savus pien\u0101kumus un uz\u0146emt\u0101s saist\u012bbas;<\/span><\/p>\n\n\n\n<p class=\"has-small-font-size\">4.7.5. <span style=\"font-size: revert;\">biedrs veic citu darb\u012bbu, kas ir pretrun\u0101 ar \u0161ajos stat\u016btos noteikto.<\/span><\/p>\n\n\n\n<p class=\"has-small-font-size\">4.8. Jaut\u0101jumu par Biedr\u012bbas biedra izsl\u0113g\u0161anu valde izskata tuv\u0101k\u0101s s\u0113des laik\u0101, uzaicinot izsl\u0113dzamo biedru un dodot vi\u0146am v\u0101rdu sava viedok\u013ca pau\u0161anai. Izsl\u0113dzam\u0101 biedra neiera\u0161an\u0101s nav \u0161\u0137\u0113rslis valdes l\u0113muma pie\u0146em\u0161anai. Valdes l\u0113mums par biedra izsl\u0113g\u0161anu no Biedr\u012bbas un \u0161\u0101 l\u0113muma motiv\u0101cija j\u0101pazi\u0146o rakstveid\u0101 izsl\u0113dzamajam biedram piecu dienu laik\u0101 no t\u0101 pie\u0146em\u0161anas br\u012b\u017ea.<\/p>\n\n\n\n<h1 class=\"wp-block-heading has-medium-font-size\"><strong>5. noda\u013ca. Biedru ties\u012bbas un pien\u0101kumi<\/strong><\/h1>\n\n\n\n<p class=\"has-small-font-size\">5.1. Biedr\u012bbas biedru ties\u012bbas:<\/p>\n\n\n\n<p class=\"has-small-font-size\">5.1.1. <span style=\"font-size: revert;\">piedal\u012bties Biedr\u012bbas p\u0101rvald\u0113;<\/span><\/p>\n\n\n\n<p class=\"has-small-font-size\">5.1.2. <span style=\"font-size: revert;\">sa\u0146emt inform\u0101ciju par Biedr\u012bbas darb\u012bbu, tai skait\u0101 iepaz\u012bties ar visu Biedr\u012bbas instit\u016bciju protokoliem, l\u0113mumiem un r\u012bkojumiem;<\/span><\/p>\n\n\n\n<p class=\"has-small-font-size\">5.1.3. <span style=\"font-size: revert;\">piedal\u012bties visos Biedr\u012bbas organiz\u0113tajos pas\u0101kumos, iesniegt priek\u0161likumus par Biedr\u012bbas darb\u012bbu un t\u0101s uzlabo\u0161anu, aizst\u0101v\u0113t savu viedokli.<\/span><\/p>\n\n\n\n<p class=\"has-small-font-size\">5.2. <span style=\"font-size: revert;\">Biedr\u012bbas biedru pien\u0101kumi:<\/span><\/p>\n\n\n\n<p class=\"has-small-font-size\">5.2.1. <span style=\"font-size: revert;\">b\u016bt uztic\u012bgam Biedr\u012bbai, iev\u0113rot Biedr\u012bbas stat\u016btus, \u0112tikas kodeksu un pild\u012bt kongresa un valdes l\u0113mumus;<\/span><\/p>\n\n\n\n<p class=\"has-small-font-size\">5.2.2. <span style=\"font-size: revert;\">regul\u0101ri maks\u0101t biedra naudu;<\/span><\/p>\n\n\n\n<p class=\"has-small-font-size\">5.2.3. <span style=\"font-size: revert;\">ar savu akt\u012bvu l\u012bdzdarb\u012bbu atbalst\u012bt biedr\u012bbas m\u0113r\u0137u un uzdevumu realiz\u0113\u0161anu.<\/span><\/p>\n\n\n\n<p class=\"has-small-font-size\">5.3. <span style=\"font-size: revert;\">Saist\u012bbas biedram var noteikt ar kongresa vai valdes l\u0113mumu. Nosakot biedram saist\u012bbas, kas&nbsp; at\u0161\u0137iras no citu biedru saist\u012bb\u0101m, ir nepiecie\u0161ama \u0161\u0101 biedra piekri\u0161ana.<\/span><\/p>\n\n\n\n<p class=\"has-small-font-size\">5.4. Goda biedriem ir visas Biedr\u012bbas biedru ties\u012bbas un pien\u0101kumi, iz\u0146emot Goda biedri nevar tikt iev\u0113l\u0113ti Biedr\u012bbas v\u0113l\u0113tos amatos un ir atbr\u012bvoti no biedru naudas maks\u0101m.<\/p>\n\n\n\n<h1 class=\"wp-block-heading has-medium-font-size\"><strong>6. noda\u013ca. Biedr\u012bbas strukt\u016brvien\u012bbas<\/strong><\/h1>\n\n\n\n<p class=\"has-small-font-size\">6.1. Ar kongresa l\u0113mumu var tikt izveidotas Biedr\u012bbas teritori\u0101l\u0101s un citas strukt\u016brvien\u012bbas.<\/p>\n\n\n\n<p class=\"has-small-font-size\">6.2. Strukt\u016brvien\u012bbas darb\u012bbu, ties\u012bbas un pien\u0101kumus, k\u0101 ar\u012b attiec\u012bbas ar Biedr\u012bbu regul\u0113 strukt\u016brvien\u012bbas nolikums, ko apstiprina valde.<\/p>\n\n\n\n<h1 class=\"wp-block-heading has-medium-font-size\"><strong>7. noda\u013ca. Biedr\u012bbas p\u0101rvaldes instit\u016bcijas<\/strong><\/h1>\n\n\n\n<p class=\"has-small-font-size\">7.1. Biedr\u012bbas p\u0101rvaldes instit\u016bcijas ir kongress, valde un prezidents.<\/p>\n\n\n\n<p class=\"has-small-font-size\"><strong><em>Kongress<\/em><\/strong><\/p>\n\n\n\n<p class=\"has-small-font-size\">7.2. Biedr\u012bbas augst\u0101k\u0101 p\u0101rvaldes instit\u016bcija ir kongress, kam piem\u012bt normat\u012bvajos aktos noteikt\u0101 biedru sapulces kompetence. Kongresu sasauc valde, nosakot t\u0101 organizatorisko formu p\u0113c visp\u0101r\u0113j\u0101 dal\u012bbnieku (biedru kopsapulces) principa vai p\u0113c deleg\u0101tu (p\u0101rst\u0101vju sapulces) principa.<\/p>\n\n\n\n<p class=\"has-small-font-size\">7.3. <span style=\"font-size: revert;\">Kongres\u0101 ir ties\u012bgi piedal\u012bties visi Biedr\u012bbas biedri. Biedri var piedal\u012bties tikai person\u012bgi.<\/span><\/p>\n\n\n\n<p class=\"has-small-font-size\">7.4. <span style=\"font-size: revert;\">Ja kongress tiek izzi\u0146ots p\u0113c deleg\u0101tu apstiprin\u0101\u0161anas principa, kongresa deleg\u0101tu kopskaitu nosaka valde, \u0146emot v\u0113r\u0101 ies\u016bt\u012bto deleg\u0101tu pieteikumu skaitu, kas nedr\u012bkst b\u016bt maz\u0101ks par 10% (desmit procenti) no Biedr\u012bbas biedru kopskaita.&nbsp;&nbsp;&nbsp;&nbsp;&nbsp;&nbsp;&nbsp;&nbsp;&nbsp;&nbsp;<\/span><\/p>\n\n\n\n<p class=\"has-small-font-size\">7.5. <span style=\"font-size: revert;\">Kongres\u0101 balsties\u012bbas ir visiem biedriem, iz\u0146emot, ja kongress tiek sasaukts p\u0113c deleg\u0101tu&nbsp;izvirz\u012b\u0161anas principa, kad balssties\u012bbas ir tikai deleg\u0101tiem.<\/span><\/p>\n\n\n\n<p class=\"has-small-font-size\">7.6. <span style=\"font-size: revert;\">K\u0101rt\u0113jais kongress tiek sasaukts vienu reizi gad\u0101 \u2013 ne v\u0113l\u0101k k\u0101 l\u012bdz 31. martam.<\/span><\/p>\n\n\n\n<p class=\"has-small-font-size\">7.7. <span style=\"font-size: revert;\">\u0100rk\u0101rtas kongress var tikt sasaukts p\u0113c valdes iniciat\u012bvas, vai ja to rakstveid\u0101 pieprasa ne maz\u0101k k\u0101 viena desmit\u0101 da\u013ca Biedr\u012bbas biedru, nor\u0101dot sasauk\u0161anas iemeslu.<\/span><\/p>\n\n\n\n<p class=\"has-small-font-size\">7.8. <span style=\"font-size: revert;\">Kongresu sasauc ne v\u0113l\u0101k k\u0101 divas ned\u0113\u013cas pirms kongresa nos\u016btot katram biedram (deleg\u0101tam) rakstisku uzaicin\u0101jumu.<\/span><\/p>\n\n\n\n<p class=\"has-small-font-size\">7.9. <span style=\"font-size: revert;\">Kongress ir lemtties\u012bgs, ja taj\u0101 piedal\u0101s vair\u0101k k\u0101 puse no biedriem vai izvirz\u012btajiem deleg\u0101tiem.<\/span><\/p>\n\n\n\n<p class=\"has-small-font-size\">7.10. <span style=\"font-size: revert;\">Ja kongress nav lemtties\u012bgs kvoruma tr\u016bkuma d\u0113\u013c, tr\u012bs ned\u0113\u013cu laik\u0101 tiek sasaukts atk\u0101rtots&nbsp;kongress, kas ir ties\u012bgs pie\u0146emt l\u0113mumus neatkar\u012bgi no kl\u0101teso\u0161o biedru skaita, ar nosac\u012bjumu, ka taj\u0101 piedal\u0101s vismaz divi biedri.<\/span><\/p>\n\n\n\n<p class=\"has-small-font-size\">7.11. Kongresa l\u0113mums ir pie\u0146emts, ja par to nobalso vair\u0101k k\u0101 puse no kl\u0101teso\u0161ajiem biedriem vai izvirz\u012btajiem p\u0101rst\u0101vjiem. L\u0113mums par stat\u016btu groz\u012bjumiem, Biedr\u012bbas darb\u012bbas izbeig\u0161anu un turpin\u0101\u0161anu ir pie\u0146emts, ja par to nobalso vair\u0101k nek\u0101 divas tre\u0161da\u013cas no kl\u0101teso\u0161ajiem biedriem.<\/p>\n\n\n\n<p class=\"has-small-font-size\"><strong><em>Valde<\/em><\/strong><\/p>\n\n\n\n<p class=\"has-small-font-size\">7.12. Valde ir Biedr\u012bbas izpildinstit\u016bcija, kas sast\u0101v no se\u0161iem valdes locek\u013ciem, kurus, aizkl\u0101ti balsojot, no Biedr\u012bbas biedru vidus iev\u0113l\u0113 kongress, ar vienk\u0101r\u0161u balsu vair\u0101kumu.<\/p>\n\n\n\n<p class=\"has-small-font-size\">7.13. <span style=\"font-size: revert;\">Valdes locek\u013ci no sava vidus iev\u0113l\u0113 valdes priek\u0161s\u0113d\u0113t\u0101ju, kur\u0161 organiz\u0113 valdes darbu.<\/span><\/p>\n\n\n\n<p class=\"has-small-font-size\">7.14. <span style=\"font-size: revert;\">Valde ir ties\u012bga izlemt visus jaut\u0101jumus, kas nav ekskluz\u012bv\u0101 kongresa kompetenc\u0113.<\/span><\/p>\n\n\n\n<p class=\"has-small-font-size\">7.15. Valdes priek\u0161s\u0113d\u0113t\u0101js p\u0101rst\u0101v Biedr\u012bbu atsevi\u0161\u0137i, p\u0101r\u0113jie valdes locek\u013ci p\u0101rst\u0101v Biedr\u012bbu kop\u0101 ar diviem citiem Valdes locek\u013ciem.<\/p>\n\n\n\n<p class=\"has-small-font-size\"><strong><em>Prezidents<\/em><\/strong><\/p>\n\n\n\n<p class=\"has-small-font-size\">7.16. Biedr\u012bbas prezidents ir kongresa iev\u0113l\u0113ta persona, kuram piekr\u012bt Biedr\u012bbas reprezent\u0101cijas un uzraudz\u012bbas pien\u0101kumi un ties\u012bbas. Prezidentu iev\u0113l\u0113 kongress ar vienk\u0101r\u0161u balsu vair\u0101kumu aizkl\u0101ti balsojot, ar pilnvaru termi\u0146u uz 4 (\u010detriem) gadiem.<\/p>\n\n\n\n<h1 class=\"wp-block-heading has-medium-font-size\"><strong>8. noda\u013ca. \u0112tikas kodekss un \u0112tikas komisija<\/strong><\/h1>\n\n\n\n<p class=\"has-small-font-size\">8.1. Optometristu un opti\u0137u \u0113tikas kodekss (turpm\u0101k \u2013 \u0112tikas kodekss) ir prim\u0101r\u0101s redzes apr\u016bpes nozar\u0113 str\u0101d\u0101jo\u0161o optometristu un opti\u0137u darb\u012bbas \u0113tisko un tikumisko principu kopums, kas izstr\u0101d\u0101ts ar nol\u016bku nodro\u0161in\u0101t kvalitat\u012bvu prim\u0101ro redzes apr\u016bpes procesu, iev\u0113rojot profesion\u0101los standartus un visp\u0101rpie\u0146emt\u0101s mor\u0101les normas. \u0112tikas kodeksu apstiprina kongress. \u0112tikas kodekss ir saisto\u0161s visiem biedr\u012bbas biedriem.<\/p>\n\n\n\n<p class=\"has-small-font-size\">8.2. Biedr\u012bbas \u0112tikas komisija (turpm\u0101k \u2013 \u0112tikas komisija) ir optometristu un opti\u0137u profesion\u0101l\u0101s \u0113tikas uzraudz\u012bbas instit\u016bcija 5 locek\u013cu sast\u0101v\u0101, kas nodro\u0161ina \u0112tikas kodeksa darb\u012bbu. \u0112tikas komisijas locek\u013cus iev\u0113l\u0113 kongress ar pilnvaru termi\u0146u uz 4 (\u010detriem) gadiem.<\/p>\n\n\n\n<p class=\"has-small-font-size\">8.3. \u0112tikas komisija darbojas saska\u0146\u0101 ar \u0112tikas komisijas nolikumu, \u0112tikas kodeksu, \u0161iem stat\u016btiem, un Latvijas Republikas normat\u012bvajiem aktiem. \u0112tikas komisijas nolikumu apstiprina valde.<\/p>\n\n\n\n<h1 class=\"wp-block-heading has-medium-font-size\"><strong>9. noda\u013ca. Kvalifik\u0101cijas padome<\/strong><\/h1>\n\n\n\n<p class=\"has-small-font-size\">9.1. Kvalifik\u0101cijas padome ir Biedr\u012bbas instit\u016bcija, kuras darb\u012bbas galvenais m\u0113r\u0137is ir aizsarg\u0101t prim\u0101r\u0101s redzes apr\u016bpes sist\u0113mas klientus no nekvalific\u0113tiem un redzei kait\u012bgiem pakalpojumiem.<\/p>\n\n\n\n<p class=\"has-small-font-size\">9.2. Padome sast\u0101v no 9 (devi\u0146iem) l\u012bdz 13 (tr\u012bspadsmit) padomes locek\u013ciem, kurus iev\u0113l\u0113 kongress ar pilnvaru termi\u0146u uz 4 (\u010detriem) gadiem.<\/p>\n\n\n\n<p class=\"has-small-font-size\">9.3. Padomes darb\u012bbu nosaka Nolikums, kuru apstiprina valde.<\/p>\n\n\n\n<h1 class=\"wp-block-heading has-medium-font-size\"><strong>10. noda\u013ca Optometristu sertifik\u0101cijas komisija<\/strong><\/h1>\n\n\n\n<p class=\"has-small-font-size\">10.1. Optometristu sertifik\u0101cijas komisija (turpm\u0101k tekst\u0101 \u2013 komisija) ir optometristu &nbsp;sertifik\u0101cijas instit\u016bcija, kuras darb\u012bbu nosaka Nolikums, kuru apstiprina valde, \u0161ie stat\u016bti un Ministru kabineta noteikumi Nr. 943 \u201c\u0100rstniec\u012bbas personu sertifik\u0101cijas k\u0101rt\u012bba\u201d (turpm\u0101k tekst\u0101 Noteikumi). Ja komisijas nolikums vai \u0161ie stat\u016bti non\u0101k pretrun\u0101 ar Noteikumiem, j\u0101iev\u0113ro Noteikumos paredz\u0113t\u0101 k\u0101rt\u012bba.<\/p>\n\n\n\n<p class=\"has-small-font-size\">10.2. Komisiju 7 locek\u013cu sast\u0101v\u0101 ar vienk\u0101r\u0161u balsu vair\u0101kumu iev\u0113l\u0113 kongress, &nbsp;ar pilnvaru termi\u0146u uz 4 (\u010detriem) gadiem. Papildus komisijas locek\u013ciem kongress iev\u0113l\u0113 1 (vienu) komisijas locek\u013ca kandid\u0101tu, kur\u0161 k\u013c\u016bst par komisijas locekli, ja k\u0101ds no kongres\u0101 tie\u0161i iev\u0113l\u0113tajiem locek\u013ciem p\u0101rtrauc darb\u012bbu komisij\u0101.<\/p>\n\n\n\n<p class=\"has-small-font-size\">10.3. Komisijas sast\u0101v\u0101 var iev\u0113l\u0113t t\u0101dus optometristus, kuriem ir sp\u0113k\u0101 eso\u0161s optometrista sertifik\u0101ts, un vi\u0146\u0161 vismaz vienu reizi ir resertific\u0113ts.<\/p>\n\n\n\n<p class=\"has-small-font-size\">10.4. Komisijas locek\u013ci no sava vidus iev\u0113l\u0113 sertifik\u0101cijas komisijas priek\u0161s\u0113d\u0113t\u0101ju, vi\u0146a vietnieku un komisijas sekret\u0101ru.<\/p>\n\n\n\n<p class=\"has-small-font-size\">10.5. Komisija ir lemtties\u012bga, ja taj\u0101 piedal\u0101s vair\u0101k k\u0101 puse no komisijas locek\u013ciem.<\/p>\n\n\n\n<p class=\"has-small-font-size\">10.6. Komisijas l\u0113mumus pie\u0146em ar vienk\u0101r\u0161u balsu vair\u0101kumu.<\/p>\n\n\n\n<h1 class=\"wp-block-heading has-medium-font-size\"><strong>11. noda\u013ca. Revidents<\/strong><\/h1>\n\n\n\n<p class=\"has-small-font-size\">11.1. Biedr\u012bbas finansi\u0101l\u0101s un saimniecisk\u0101s darb\u012bbas kontroli veic revidents, kuru iev\u0113l\u0113 kongress uz vienu gadu.<\/p>\n\n\n\n<p class=\"has-small-font-size\">11.2. Biedr\u012bbas revidents nevar b\u016bt Biedr\u012bbas valdes loceklis.<\/p>\n\n\n\n<p class=\"has-small-font-size\">11.3. Revidents:<\/p>\n\n\n\n<p class=\"has-small-font-size\">11.3.1. <span style=\"font-size: revert;\">veic Biedr\u012bbas mantas un finan\u0161u rev\u012bziju;<\/span><\/p>\n\n\n\n<p class=\"has-small-font-size\">11.3.2. <span style=\"font-size: revert;\">dod atzinumu par Biedr\u012bbas bud\u017eetu un gada p\u0101rskatu;<\/span><\/p>\n\n\n\n<p class=\"has-small-font-size\">11.3.3. <span style=\"font-size: revert;\">izv\u0113rt\u0113 Biedr\u012bbas gr\u0101matved\u012bbas un lietved\u012bbas darbu;<\/span><\/p>\n\n\n\n<p class=\"has-small-font-size\">11.3.4. <span style=\"font-size: revert;\">sniedz priek\u0161likumus par Biedr\u012bbas finan\u0161u un saimniecisk\u0101s darb\u012bbas uzlabo\u0161anu.<\/span><\/p>\n\n\n\n<p class=\"has-small-font-size\">11.3.5. <span style=\"font-size: revert;\">Revidents veic rev\u012bziju biedru sapulces noteiktajos termi\u0146os, ta\u010du ne ret\u0101k k\u0101 reizi gad\u0101.<\/span><\/p>\n\n\n\n<p class=\"has-small-font-size\">11.3.6. Kongress apstiprina Biedr\u012bbas gada p\u0101rskatu tikai p\u0113c revidenta atzinuma sa\u0146em\u0161anas.<\/p>\n\n\n\n<h1 class=\"wp-block-heading has-medium-font-size\"><strong>12. noda\u013ca. Biedru nauda<\/strong><\/h1>\n\n\n\n<p class=\"has-small-font-size\">12.1. Biedr\u012bbas biedri maks\u0101 biedra naudu Kongresa noteikt\u0101 apm\u0113r\u0101 un k\u0101rt\u012bb\u0101.<\/p>\n\n\n\n<p class=\"has-white-color has-text-color\">.<\/p>\n\n\n\n<p class=\"has-small-font-size\">Stat\u016bti jaun\u0101 redakcij\u0101 apstiprin\u0101ti kongres\u0101 R\u012bg\u0101, 2019. gada 17. mart\u0101.<\/p>\n","protected":false},"excerpt":{"rendered":"<p>. 1. noda\u013ca. Biedr\u012bbas nosaukums 1.1. Biedr\u012bbas nosaukums ir &#8220;LATVIJAS OPTOMETRISTU UN OPTI\u0136U ASOCI\u0100CIJA&#8221; (turpm\u0101k tekst\u0101 &#8211; Biedr\u012bba). 1.2. Biedr\u012bbas nosaukuma sa\u012bsin\u0101jums ir &#8220;LOOA&#8221;. 1.3. Biedr\u012bbas nosaukuma tulkojums ang\u013cu valod\u0101 &#8230;<\/p>\n","protected":false},"author":2,"featured_media":0,"parent":0,"menu_order":0,"comment_status":"closed","ping_status":"closed","template":"","meta":{"footnotes":""},"class_list":["post-1509","page","type-page","status-publish","hentry"],"_links":{"self":[{"href":"https:\/\/optometrija.lv\/index.php?rest_route=\/wp\/v2\/pages\/1509","targetHints":{"allow":["GET"]}}],"collection":[{"href":"https:\/\/optometrija.lv\/index.php?rest_route=\/wp\/v2\/pages"}],"about":[{"href":"https:\/\/optometrija.lv\/index.php?rest_route=\/wp\/v2\/types\/page"}],"author":[{"embeddable":true,"href":"https:\/\/optometrija.lv\/index.php?rest_route=\/wp\/v2\/users\/2"}],"replies":[{"embeddable":true,"href":"https:\/\/optometrija.lv\/index.php?rest_route=%2Fwp%2Fv2%2Fcomments&post=1509"}],"version-history":[{"count":7,"href":"https:\/\/optometrija.lv\/index.php?rest_route=\/wp\/v2\/pages\/1509\/revisions"}],"predecessor-version":[{"id":1762,"href":"https:\/\/optometrija.lv\/index.php?rest_route=\/wp\/v2\/pages\/1509\/revisions\/1762"}],"wp:attachment":[{"href":"https:\/\/optometrija.lv\/index.php?rest_route=%2Fwp%2Fv2%2Fmedia&parent=1509"}],"curies":[{"name":"wp","href":"https:\/\/api.w.org\/{rel}","templated":true}]}}