{"id":1519,"date":"2023-05-03T22:32:09","date_gmt":"2023-05-03T19:32:09","guid":{"rendered":"https:\/\/optometrija.lv\/?page_id=1519"},"modified":"2025-12-07T20:14:24","modified_gmt":"2025-12-07T18:14:24","slug":"kontakti","status":"publish","type":"page","link":"https:\/\/optometrija.lv\/?page_id=1519","title":{"rendered":"Kontakti"},"content":{"rendered":"\n<p class=\"has-white-color has-text-color\">.<\/p>\n\n\n\n<h4 class=\"wp-block-heading\"><strong>Biedr\u012bba \u201cLatvijas Optometristu un opti\u0137u asoci\u0101cija\u201d<\/strong><\/h4>\n\n\n\n<p><strong>Juridisk\u0101 adrese<\/strong>: \u0136engaraga iela 8, R\u012bga, Latvija, LV-1063<br>Re\u0123istr\u0101cijas numurs:&nbsp;40008029786<br>Banka: Swedbank<br>Konta numurs:&nbsp;LV63HABA0551024631742<\/p>\n\n\n\n<p><strong>E-pasts sazi\u0146ai:&nbsp;<\/strong><em>looasociacija@gmail.com<\/em><\/p>\n\n\n\n<p><a href=\"https:\/\/www.facebook.com\/LOOAoptometrists\" target=\"_blank\" rel=\"noreferrer noopener\"><strong>Facebook<\/strong><\/a><\/p>\n\n\n\n<h4 class=\"wp-block-heading\"><strong>EAOO 2026 konferences norisei dibin\u0101ta SIA &#8220;OPTOKONF&#8221;<\/strong><\/h4>\n\n\n\n<p><strong>Juridisk\u0101 adrese<\/strong>: \u0136engaraga iela 8, R\u012bga, Latvija, LV-1063<br>Re\u0123istr\u0101cijas numurs:\u00a040203659509<\/p>\n\n\n\n<p><strong>E-pasts sazi\u0146ai par EAOO 2026 konferences jaut\u0101jumiem:\u00a0<\/strong><em>info@eaooconference.com<\/em><\/p>\n\n\n\n<p><strong>EAOO 2026 konferences m\u0101jas lapa<\/strong>: <em><strong><a href=\"http:\/\/www.eaooconference.com\">www.eaooconference.com<\/a><\/strong><\/em><\/p>\n\n\n\n<p><\/p>\n","protected":false},"excerpt":{"rendered":"<p>. Biedr\u012bba \u201cLatvijas Optometristu un opti\u0137u asoci\u0101cija\u201d Juridisk\u0101 adrese: \u0136engaraga iela 8, R\u012bga, Latvija, LV-1063Re\u0123istr\u0101cijas numurs:&nbsp;40008029786Banka: SwedbankKonta numurs:&nbsp;LV63HABA0551024631742 E-pasts sazi\u0146ai:&nbsp;looasociacija@gmail.com Facebook EAOO 2026 konferences norisei dibin\u0101ta SIA &#8220;OPTOKONF&#8221; Juridisk\u0101 adrese: &#8230;<\/p>\n","protected":false},"author":2,"featured_media":0,"parent":0,"menu_order":0,"comment_status":"closed","ping_status":"closed","template":"","meta":{"footnotes":""},"class_list":["post-1519","page","type-page","status-publish","hentry"],"_links":{"self":[{"href":"https:\/\/optometrija.lv\/index.php?rest_route=\/wp\/v2\/pages\/1519","targetHints":{"allow":["GET"]}}],"collection":[{"href":"https:\/\/optometrija.lv\/index.php?rest_route=\/wp\/v2\/pages"}],"about":[{"href":"https:\/\/optometrija.lv\/index.php?rest_route=\/wp\/v2\/types\/page"}],"author":[{"embeddable":true,"href":"https:\/\/optometrija.lv\/index.php?rest_route=\/wp\/v2\/users\/2"}],"replies":[{"embeddable":true,"href":"https:\/\/optometrija.lv\/index.php?rest_route=%2Fwp%2Fv2%2Fcomments&post=1519"}],"version-history":[{"count":7,"href":"https:\/\/optometrija.lv\/index.php?rest_route=\/wp\/v2\/pages\/1519\/revisions"}],"predecessor-version":[{"id":3112,"href":"https:\/\/optometrija.lv\/index.php?rest_route=\/wp\/v2\/pages\/1519\/revisions\/3112"}],"wp:attachment":[{"href":"https:\/\/optometrija.lv\/index.php?rest_route=%2Fwp%2Fv2%2Fmedia&parent=1519"}],"curies":[{"name":"wp","href":"https:\/\/api.w.org\/{rel}","templated":true}]}}