{"id":1714,"date":"2023-05-08T23:53:12","date_gmt":"2023-05-08T20:53:12","guid":{"rendered":"https:\/\/optometrija.lv\/?page_id=1714"},"modified":"2024-07-23T13:50:00","modified_gmt":"2024-07-23T10:50:00","slug":"sertifikacija","status":"publish","type":"page","link":"https:\/\/optometrija.lv\/?page_id=1714","title":{"rendered":"Sertifik\u0101cija"},"content":{"rendered":"\n<p class=\"has-white-color has-text-color\">.<\/p>\n\n\n\n<h3 class=\"wp-block-heading\"><a href=\"https:\/\/optometrija.lv\/?page_id=2132\">\u21d2 Sertifik\u0101cijas komisija un t\u0101s darb\u012bba<\/a><\/h3>\n\n\n\n<p class=\"has-white-color has-text-color has-link-color wp-elements-7e4ac651328708ea719ac0894fa30934\">.<\/p>\n\n\n\n<h3 class=\"wp-block-heading\"><a href=\"https:\/\/optometrija.lv\/?page_id=1716\">\u21d2 Optometristu pirmreiz\u0113ja sertifik\u0101cija<\/a><\/h3>\n\n\n\n<p class=\"has-white-color has-text-color\">.<\/p>\n\n\n\n<h3 class=\"wp-block-heading\"><a href=\"https:\/\/optometrija.lv\/?page_id=1718\">\u21d2 Optometristu resertifik\u0101cija<\/a><\/h3>\n\n\n\n<p class=\"has-white-color has-text-color\">.<\/p>\n\n\n\n<h3 class=\"wp-block-heading\"><a href=\"https:\/\/optometrija.lv\/?page_id=1727\">\u21d2 Ministru kabineta noteikumi nr. 391 &#8220;\u0100rstniec\u012bbas personu sertifik\u0101cijas k\u0101rt\u012bba&#8221;<\/a><\/h3>\n\n\n\n<p class=\"has-white-color has-text-color has-link-color wp-elements-7e4ac651328708ea719ac0894fa30934\">.<\/p>\n\n\n\n<h3 class=\"wp-block-heading\"><a href=\"https:\/\/optometrija.lv\/?page_id=2205\">\u21d2 Apm\u0101c\u012btties\u012bgas \u0101rstniec\u012bbas personas statusa ieg\u016b\u0161ana<\/a><\/h3>\n","protected":false},"excerpt":{"rendered":"<p>. \u21d2 Sertifik\u0101cijas komisija un t\u0101s darb\u012bba . \u21d2 Optometristu pirmreiz\u0113ja sertifik\u0101cija . \u21d2 Optometristu resertifik\u0101cija . \u21d2 Ministru kabineta noteikumi nr. 391 &#8220;\u0100rstniec\u012bbas personu sertifik\u0101cijas k\u0101rt\u012bba&#8221; . \u21d2 Apm\u0101c\u012btties\u012bgas &#8230;<\/p>\n","protected":false},"author":4,"featured_media":0,"parent":0,"menu_order":0,"comment_status":"closed","ping_status":"closed","template":"","meta":{"footnotes":""},"class_list":["post-1714","page","type-page","status-publish","hentry"],"_links":{"self":[{"href":"https:\/\/optometrija.lv\/index.php?rest_route=\/wp\/v2\/pages\/1714","targetHints":{"allow":["GET"]}}],"collection":[{"href":"https:\/\/optometrija.lv\/index.php?rest_route=\/wp\/v2\/pages"}],"about":[{"href":"https:\/\/optometrija.lv\/index.php?rest_route=\/wp\/v2\/types\/page"}],"author":[{"embeddable":true,"href":"https:\/\/optometrija.lv\/index.php?rest_route=\/wp\/v2\/users\/4"}],"replies":[{"embeddable":true,"href":"https:\/\/optometrija.lv\/index.php?rest_route=%2Fwp%2Fv2%2Fcomments&post=1714"}],"version-history":[{"count":8,"href":"https:\/\/optometrija.lv\/index.php?rest_route=\/wp\/v2\/pages\/1714\/revisions"}],"predecessor-version":[{"id":2410,"href":"https:\/\/optometrija.lv\/index.php?rest_route=\/wp\/v2\/pages\/1714\/revisions\/2410"}],"wp:attachment":[{"href":"https:\/\/optometrija.lv\/index.php?rest_route=%2Fwp%2Fv2%2Fmedia&parent=1714"}],"curies":[{"name":"wp","href":"https:\/\/api.w.org\/{rel}","templated":true}]}}