{"id":1716,"date":"2023-05-08T23:53:58","date_gmt":"2023-05-08T20:53:58","guid":{"rendered":"https:\/\/optometrija.lv\/?page_id=1716"},"modified":"2025-12-18T10:01:43","modified_gmt":"2025-12-18T08:01:43","slug":"optometristu-pirmreizeja-sertifikacija","status":"publish","type":"page","link":"https:\/\/optometrija.lv\/?page_id=1716","title":{"rendered":"Optometristu pirmreiz\u0113ja sertifik\u0101cija"},"content":{"rendered":"\n<p class=\"has-white-color has-text-color has-link-color wp-elements-7e4ac651328708ea719ac0894fa30934\">.<\/p>\n\n\n\n<p>Iesniedzamie dokumenti (p\u0113c MK noteikumu nr. 391 27. punkta):<\/p>\n\n\n\n<ul class=\"wp-block-list\">\n<li>iesniegums(<strong><a href=\"https:\/\/optometrija.lv\/wp-content\/uploads\/2025\/12\/Veidlapa_Nr1.2_sertif_iesnieg-1-1.docx\">veidlapa<\/a><\/strong>, <strong><a href=\"https:\/\/optometrija.lv\/wp-content\/uploads\/2025\/12\/paliginfo_-Veidlapa_Nr1.2_sertif_iesnieg.docx-1.pdf\">paraugs<\/a><\/strong>);<\/li>\n\n\n\n<li>sertifik\u0101cijas lapa<a href=\"https:\/\/optometrija.lv\/wp-content\/uploads\/2024\/03\/Veidlapa_Nr2.2_sertif_lapas.docx\"><\/a>(atrodamas ar\u012b MK noteikumu nr. 391\u00a0 2. pielikum\u0101), kur\u0101s aizpild\u012bta <strong>I un II da\u013ca<\/strong> (<strong><a href=\"https:\/\/optometrija.lv\/wp-content\/uploads\/2025\/12\/P2_28.11.2025-1.docx\">veidlapa<\/a><\/strong>, <strong><a href=\"https:\/\/optometrija.lv\/wp-content\/uploads\/2025\/12\/paliginfo_P2_28.11.2025.docx-1.pdf\">paraugs<\/a><\/strong>);<\/li>\n\n\n\n<li>profesion\u0101l\u0101s darb\u012bbas p\u0101rskats, kur\u0101 atspogu\u013cots veikt\u0101 darba apjoms, intensit\u0101te un kvalit\u0101te apm\u0101c\u012bbas period\u0101 un kuru\u00a0<strong>apstiprin\u0101jis darba dev\u0113js vai sertific\u0113ta \u0101rstniec\u012bbas persona, kuras vad\u012bb\u0101 vai uzraudz\u012bb\u0101 str\u0101d\u0101jusi sertific\u0113jam\u0101 \u0101rstniec\u012bbas persona<\/strong>. Ja sertific\u0113jam\u0101 persona ir pa\u0161nodarbin\u0101ta persona, tad p\u0101rskatu apstiprina pati. Darb\u012bbas p\u0101rskatu iesniedz <strong>no vis\u0101m<\/strong> aktu\u0101laj\u0101m darba viet\u0101m (<strong><a href=\"https:\/\/optometrija.lv\/wp-content\/uploads\/2025\/12\/Veidlapa_Nr3.2_sertif_prof.darb_.parsk_-1.docx\">veidlapa<\/a><\/strong>, <strong><a href=\"https:\/\/optometrija.lv\/wp-content\/uploads\/2025\/12\/paliginfo_Veidlapa_Nr3.2_sertif_prof.darb_.parsk_.docx-1.pdf\">paraugs<\/a><\/strong>);<\/li>\n\n\n\n<li>izgl\u012bt\u012bbas dokumenta kopija par ieg\u016bto pamatspecialit\u0101ti (profesion\u0101l\u0101 ma\u0123istra diploms vai optometrista kvalifik\u0101cijas diploms);<\/li>\n\n\n\n<li>maks\u0101jumu apliecino\u0161a dokumenta kopija par sertifik\u0101cijas procesa apmaksu;<\/li>\n\n\n\n<li>laul\u012bbas apliec\u012bbas vai laul\u012bbas \u0161\u0137ir\u0161anas dokumentu kopija (uzv\u0101rda mai\u0146as gad\u012bjum\u0101 \u2013 ja uzv\u0101rds visos dokumentos nesakr\u012bt).<\/li>\n<\/ul>\n\n\n\n<p class=\"has-vivid-red-color has-text-color has-link-color wp-elements-9aed65c8fab380903904677c1f6d1c7a\">Dokumenti j\u0101aizpilda datorrakst\u0101. &nbsp;Iesniedzot kopijas, ir j\u0101uzr\u0101da ori\u0123in\u0101li.<\/p>\n\n\n\n<ul class=\"wp-block-list\">\n<li>Ir j\u0101b\u016bt der\u012bgai apliec\u012bbai (sertifik\u0101tam) par <strong>pirm\u0101s neatliekam\u0101s pal\u012bdz\u012bbas kursiem<\/strong> \u0101rstniec\u012bbas person\u0101m (j\u0101iesniedz apliecino\u0161\u0101 dokumenta kopija). Studenti, kas profesion\u0101lo ma\u0123istra programmu beigu\u0161i s\u0101kot no 2020.gada, \u0161\u0101du apliec\u012bbu dr\u012bkst neiesniegt, jo studiju proces\u0101 nepiecie\u0161am\u0101s zin\u0101\u0161anas ir apguvu\u0161i.<\/li>\n<\/ul>\n\n\n\n<ul class=\"wp-block-list\">\n<li>J\u0101b\u016bt re\u0123istr\u0113tam Vesel\u012bbas inspekcij\u0101s \u201c<strong>\u0100rstniec\u012bbas personu re\u0123istr\u0101\u201d<\/strong> (<a href=\"https:\/\/registri.vi.gov.lv\/rap\"><strong>https:\/\/registri.vi.gov.lv\/rap<\/strong><\/a> , ja ir darba attiec\u012bb\u0101s, tad ar\u012b \u0161eit: <a href=\"https:\/\/registri.vi.gov.lv\/apd\"><strong>https:\/\/registri.vi.gov.lv\/apd<\/strong><\/a>).<\/li>\n<\/ul>\n\n\n\n<ul class=\"wp-block-list\">\n<li>Maksa par sertifik\u0101cijas eks\u0101menu un sertifik\u0101ta izgatavo\u0161anu ir <strong>EUR 59,76<\/strong> (saska\u0146\u0101 ar MK noteikumiem nr. 672 \u201c\u0100rstniec\u012bbas personu un \u0101rstniec\u012bbas atbalsta personu profesion\u0101lo zin\u0101\u0161anu p\u0101rbaudes un sertifik\u0101cijas maksas pakalpojumu cenr\u0101dis\u201d).<\/li>\n<\/ul>\n\n\n\n<p>Maksa par sertifik\u0101cijas procesu veicama uz Latvijas Optometristu un opti\u0137u asoci\u0101cijas kontu.<\/p>\n\n\n\n<div class=\"wp-block-group\"><div class=\"wp-block-group__inner-container is-layout-constrained wp-block-group-is-layout-constrained\">\n<p>Biedr\u012bba \u201eLatvijas Optometristu un opti\u0137u asoci\u0101cija\u201d<\/p>\n\n\n\n<p>Re\u0123istr\u0101cijas numurs 40008029786<\/p>\n\n\n\n<p>Konta numurs LV63HABA0551024631742 Banka: Swedbank<\/p>\n\n\n\n<p class=\"has-vivid-red-color has-text-color has-link-color wp-elements-5451fa8ec464836798b8bc714c5b10a6\">Maks\u0101juma m\u0113r\u0137is: \u201c<em>Sertifik\u0101cija, V\u0101rds Uzv\u0101rds<\/em>\u201d<\/p>\n<\/div><\/div>\n\n\n\n<ul class=\"wp-block-list\">\n<li>Iesniedzot dokumentus, l\u016bdzam tos<strong> salikt vien\u0101 pl\u0101naj\u0101 map\u0113-\u0101tr\u0161uv\u0113j\u0101, izdurot caurumus lap\u0101s (nelietojot plastmasas kabati\u0146as)!<\/strong><\/li>\n\n\n\n<li>L\u016bdzam dokumentus iesniegt, sak\u0101rtotus augst\u0101k nor\u0101d\u012btaj\u0101 iesniedzamo dokumentu sec\u012bb\u0101. Dokumentu lap\u0101m j\u0101b\u016bt t\u012br\u0101m, visam labi salas\u0101mam un saprotamam. &nbsp;Sertifik\u0101cijas komisijai ir ties\u012bbas nepie\u0146emt un neakcept\u0113t dokumentus, kas ir izpild\u012bti neatbilsto\u0161i nor\u0101d\u012bjumiem un MK noteikumu nr.&nbsp;391 pras\u012bb\u0101m.<\/li>\n<\/ul>\n\n\n\n<p><strong>Sertifik\u0101cijas procesa sec\u012bba:<\/strong><\/p>\n\n\n\n<ul class=\"wp-block-list\">\n<li>Pretendents visus pras\u012btos dokumentus iesniedz optometristu sertifik\u0101cijas komisijas sekret\u0101rei Agnesei J\u0113cei, iepriek\u0161 ar Agnesi sazinoties WhatsApp lietotn\u0113 + 371 26136905 vai rakstot uz epastu optometristu.sertifikacija@gmail.com<\/li>\n<\/ul>\n\n\n\n<ul class=\"wp-block-list\">\n<li>Sertifik\u0101cijas komisijas sekret\u0101re dokumentus apskata, p\u0101rbauda ori\u0123in\u0101lus un ar savu parakstu un datumu apliecina dokumentu sa\u0146em\u0161anu.<\/li>\n<\/ul>\n\n\n\n<ul class=\"wp-block-list\">\n<li>Optometristu sertifik\u0101cijas komisija pieteikumus izskata sav\u0101s s\u0113d\u0113s ( aktu\u0101lie&nbsp; s\u0113\u017eu datumi ir apskat\u0101mi LOOA m\u0101jas lap\u0101). Ja pretendents atbilst MK noteikumu nr. 391&nbsp; (\u0100rstniec\u012bbas personu sertifik\u0101cijas k\u0101rt\u012bba) punktiem Nr. 4 un 5, k\u0101 ar\u012b ir iesniegti visi noteikumu nr. 391 27. punkt\u0101 min\u0113tie dokumenti, sertifik\u0101cijas komisija inform\u0113 pretendentu person\u012bgi (uz epasta adresi, ko pretendents nor\u0101d\u012bjis sav\u0101 pieteikum\u0101) par sertifik\u0101cijas eks\u0101mena laiku un vietu. Pretendentam ir ties\u012bbas zin\u0101t savu eks\u0101mena laiku un vietu <strong>NE V\u0112L\u0100K k\u0101 m\u0113nesi pirms eks\u0101mena norises<\/strong> ( MK noteikumi Nr. 391 punkts 31.1)&nbsp;<\/li>\n<\/ul>\n\n\n\n<ul class=\"wp-block-list\">\n<li>P\u0113c inform\u0101cijas sa\u0146em\u0161anas par sertifik\u0101cijas eks\u0101mena laiku un vietu, pretendentam ir ties\u012bbas sa\u0146emt sertifik\u0101cijas eks\u0101mena programmas saturu.<\/li>\n<\/ul>\n\n\n\n<ul class=\"wp-block-list\">\n<li>Sertifik\u0101cijas komisija r\u012bko eks\u0101menu br\u012bd\u012b, kad ir sasniegts pietiekams sertifik\u0101cijas eks\u0101mena pretendentu skaits \u2013 vismaz 4. Tas noz\u012bm\u0113, ka no pieteikuma iesnieg\u0161anas l\u012bdz eks\u0101menam var b\u016bt j\u0101gaida vair\u0101ki m\u0113ne\u0161i, t\u0101d\u0113\u013c ir \u013coti svar\u012bgi pieteikumus iesniegt laic\u012bgi, lai komisija var optim\u0101li sapl\u0101not eks\u0101menu norisi.<\/li>\n<\/ul>\n\n\n\n<p><strong>! Izgatavoto sertifik\u0101tu sa\u0146em\u0161ana<\/strong><\/p>\n\n\n\n<p>Izgatavotos optometrista sertifik\u0101tus var sa\u0146emt Latvijas Universit\u0101tes Dabas m\u0101j\u0101 jelgavas iel\u0101 1, 430. telp\u0101 pirms tam <strong>oblig\u0101ti<\/strong> vienojoties par iera\u0161an\u0101s dienu un laiku ar docenti Evitu Kassalieti WhatsApp +371 26324747<\/p>\n","protected":false},"excerpt":{"rendered":"<p>. Iesniedzamie dokumenti (p\u0113c MK noteikumu nr. 391 27. punkta): Dokumenti j\u0101aizpilda datorrakst\u0101. &nbsp;Iesniedzot kopijas, ir j\u0101uzr\u0101da ori\u0123in\u0101li. Maksa par sertifik\u0101cijas procesu veicama uz Latvijas Optometristu un opti\u0137u asoci\u0101cijas kontu. &#8230;<\/p>\n","protected":false},"author":2,"featured_media":0,"parent":0,"menu_order":0,"comment_status":"closed","ping_status":"closed","template":"","meta":{"footnotes":""},"class_list":["post-1716","page","type-page","status-publish","hentry"],"_links":{"self":[{"href":"https:\/\/optometrija.lv\/index.php?rest_route=\/wp\/v2\/pages\/1716","targetHints":{"allow":["GET"]}}],"collection":[{"href":"https:\/\/optometrija.lv\/index.php?rest_route=\/wp\/v2\/pages"}],"about":[{"href":"https:\/\/optometrija.lv\/index.php?rest_route=\/wp\/v2\/types\/page"}],"author":[{"embeddable":true,"href":"https:\/\/optometrija.lv\/index.php?rest_route=\/wp\/v2\/users\/2"}],"replies":[{"embeddable":true,"href":"https:\/\/optometrija.lv\/index.php?rest_route=%2Fwp%2Fv2%2Fcomments&post=1716"}],"version-history":[{"count":9,"href":"https:\/\/optometrija.lv\/index.php?rest_route=\/wp\/v2\/pages\/1716\/revisions"}],"predecessor-version":[{"id":3160,"href":"https:\/\/optometrija.lv\/index.php?rest_route=\/wp\/v2\/pages\/1716\/revisions\/3160"}],"wp:attachment":[{"href":"https:\/\/optometrija.lv\/index.php?rest_route=%2Fwp%2Fv2%2Fmedia&parent=1716"}],"curies":[{"name":"wp","href":"https:\/\/api.w.org\/{rel}","templated":true}]}}