{"id":1718,"date":"2023-05-08T23:54:36","date_gmt":"2023-05-08T20:54:36","guid":{"rendered":"https:\/\/optometrija.lv\/?page_id=1718"},"modified":"2025-12-18T10:05:12","modified_gmt":"2025-12-18T08:05:12","slug":"optometristu-resertifikacija","status":"publish","type":"page","link":"https:\/\/optometrija.lv\/?page_id=1718","title":{"rendered":"Optometristu resertifik\u0101cija"},"content":{"rendered":"\n<p>Dokumentu iesnieg\u0161anu resertifik\u0101cijas procesam rosin\u0101m s\u0101kt \u013coti laic\u012bgi. <strong>P\u0113d\u0113jais iesnieg\u0161anas termi\u0146\u0161 ir tr\u012bs m\u0113ne\u0161us pirms sertifik\u0101ta der\u012bguma termi\u0146a beig\u0101m<\/strong>. Br\u012bvdien\u0101s, k\u0101 ar sv\u0113tku dien\u0101s sertifik\u0101cijas komisija dokumentus nepie\u0146em!&nbsp; Cienot sertifik\u0101cijas komisijas locek\u013cu darbu, l\u016bdzam dokumentu iesnieg\u0161anu saska\u0146ot laic\u012bgi (ir pie\u0146emams pat m\u0113nesi vai v\u0113l \u0101tr\u0101k pirms p\u0113d\u0113j\u0101 iesnieg\u0161anas termi\u0146a).<\/p>\n\n\n\n<p class=\"has-vivid-red-color has-text-color has-link-color wp-elements-c698438d00f1ba8941b410d8ad6932d3\">Ja tiek nokav\u0113ts iesnieg\u0161anas termi\u0146\u0161 (kas ir defin\u0113ts MK noteikumos nr. 391 46. punkt\u0101), tad ir j\u0101k\u0101rto sertifik\u0101cijas eks\u0101menu!<\/p>\n\n\n\n<p>Iesniedzamie dokumenti (p\u0113c MK noteikumu nr. 391 46. punkta):<\/p>\n\n\n\n<ul class=\"wp-block-list\">\n<li>iesniegums (<strong><a href=\"https:\/\/optometrija.lv\/wp-content\/uploads\/2025\/12\/Veidlapa1_resertif_iesnieg-1.docx\">veidlapa<\/a><\/strong>, <strong><a href=\"https:\/\/optometrija.lv\/wp-content\/uploads\/2025\/12\/paliginfo_Veidlapa1_resertif_iesnieg.docx-1.pdf\">paraugs<\/a><\/strong>);<\/li>\n\n\n\n<li>resertifik\u0101cijas lapa, kur\u0101s aizpild\u012bta <strong>I un II da\u013ca<\/strong> (<strong><a href=\"https:\/\/optometrija.lv\/wp-content\/uploads\/2025\/12\/P3_28.11.2025-1.docx\">veidlapa<\/a><\/strong>, <strong><a href=\"https:\/\/optometrija.lv\/wp-content\/uploads\/2025\/12\/paliginfo_P3_28.11.2025.docx-1.pdf\">paraugs<\/a><\/strong>);<\/li>\n\n\n\n<li>profesion\u0101l\u0101s darb\u012bbas p\u0101rskats (<strong><a href=\"https:\/\/optometrija.lv\/wp-content\/uploads\/2025\/12\/Veidlapa3_resertif.prof_.darb_.parsk_-1.docx\">veidlapa<\/a><\/strong>, <strong><a href=\"https:\/\/optometrija.lv\/wp-content\/uploads\/2025\/12\/paliginfo_Veidlapa3_resertif.prof_.darb_.parsk_.docx.pdf\">paraugs<\/a><\/strong>). <strong>Profesion\u0101l\u0101s darb\u012bbas p\u0101rskatu iesniedz no vis\u0101m (gan aktu\u0101laj\u0101m, gan biju\u0161aj\u0101m) darba viet\u0101m sp\u0113k\u0101 eso\u0161\u0101 sertifik\u0101ta darb\u012bbas laik\u0101 <\/strong>(t\u0101tad par p\u0113d\u0113jiem 5 vai 5,5 gadiem).<\/li>\n\n\n\n<li>l\u012bdz \u0161im sp\u0113k\u0101 eso\u0161\u0101 optometrista sertifik\u0101ta kopija;<\/li>\n\n\n\n<li>maks\u0101jumu apliecino\u0161a dokumenta kopija par resertifik\u0101cijas procesa apmaksu;<\/li>\n\n\n\n<li>laul\u012bbas apliec\u012bbas vai laul\u012bbas \u0161\u0137ir\u0161anas dokumentu kopija (uzv\u0101rda mai\u0146as gad\u012bjum\u0101 \u2013 ja uzv\u0101rds visos dokumentos nesakr\u012bt).<\/li>\n<\/ul>\n\n\n\n<p class=\"has-vivid-red-color has-text-color has-link-color wp-elements-9aed65c8fab380903904677c1f6d1c7a\">Dokumenti j\u0101aizpilda datorrakst\u0101. &nbsp;Iesniedzot kopijas, ir j\u0101uzr\u0101da ori\u0123in\u0101li.<\/p>\n\n\n\n<p>Apliecin\u0101jumam par ieg\u016btajiem TIP punktiem ( pas\u0101kumu apmekl\u0113jumu sertifik\u0101tus u.c) pielikum\u0101 pievieno tikai <strong>KOPIJAS<\/strong> (jo dokumenti tiks nodoti L\u0100PPOS bez iesp\u0113jas kaut ko sa\u0146emt atpaka\u013c pie nepiecie\u0161am\u012bbas). Iesniedzot dokumentus sertifik\u0101cijas komisijas sekret\u0101rei vai k\u0101dam no komisijas locek\u013ciem, ir j\u0101uzr\u0101da visus dokumentu ori\u0123in\u0101lus.<\/p>\n\n\n\n<ul class=\"wp-block-list\">\n<li>Ir j\u0101b\u016bt der\u012bgai apliec\u012bbai (sertifik\u0101tam) par <strong>pirm\u0101s neatliekam\u0101s pal\u012bdz\u012bbas kursiem<\/strong> \u0101rstniec\u012bbas person\u0101m (j\u0101iesniedz apliecino\u0161\u0101 dokumenta kopija \u2013 to raksta pie apg\u016btajiem t\u0101l\u0101kizgl\u012bt\u012bbas pas\u0101kumiem &#8211; nespecialit\u0101t\u0113). L\u0100PPOS r\u012bkojums nr. 4\/2020&nbsp; (pieejams \u0161eit: <a href=\"https:\/\/www.lappos.lv\/images\/SP_protokola_izraksts_05202020.pdf\">https:\/\/www.lappos.lv\/images\/SP_protokola_izraksts_05202020.pdf<\/a>) nosaka, ka piecu gadu resertifik\u0101cijas period\u0101 \u0101rstniec\u012bbas persona piedal\u0101s t\u0101l\u0101kizgl\u012bt\u012bbas pas\u0101kumos par neatliekam\u0101s pal\u012bdz\u012bbas snieg\u0161anu <strong>ne maz\u0101k k\u0101 asto\u0146as akad\u0113misk\u0101s stundas (ne maz\u0101k k\u0101 8 TIP punktu apm\u0113r\u0101).<\/strong><\/li>\n\n\n\n<li>J\u0101b\u016bt re\u0123istr\u0113tam Vesel\u012bbas inspekcijas \u201c<strong><a href=\"https:\/\/registri.vi.gov.lv\/rap\" target=\"_blank\" rel=\"noreferrer noopener\">Re\u0123istr\u0113to \u0101rstniec\u012bbas personu re\u0123istr\u0101<\/a>\u201d<\/strong> (ja ir darba attiec\u012bb\u0101s, tad ar\u012b &#8220;<strong><a href=\"https:\/\/registri.vi.gov.lv\/apd\">\u0100rstniec\u012bbas personu darba vietu un sertifik\u0101tu re\u0123istr\u0101<\/a><\/strong>&#8220;).<\/li>\n<\/ul>\n\n\n\n<ul class=\"wp-block-list\">\n<li>Maksa par resertifik\u0101cijas dokumentu iesnieg\u0161anu un sertifik\u0101ta izgatavo\u0161anu ir <strong>EUR 48,38<\/strong> (saska\u0146\u0101 ar MK noteikumiem nr. 672 \u201c\u0100rstniec\u012bbas personu un \u0101rstniec\u012bbas atbalsta personu profesion\u0101lo zin\u0101\u0161anu p\u0101rbaudes un sertifik\u0101cijas maksas pakalpojumu cenr\u0101dis\u201d).<\/li>\n<\/ul>\n\n\n\n<p>Maksa par resertifik\u0101cijas procesu veicama uz Latvijas Optometristu un opti\u0137u asoci\u0101cijas bankas kontu.<\/p>\n\n\n\n<p>Biedr\u012bba \u201eLatvijas Optometristu un opti\u0137u asoci\u0101cija\u201d<\/p>\n\n\n\n<p>Re\u0123istr\u0101cijas numurs 40008029786<\/p>\n\n\n\n<p>Konta numurs LV63HABA0551024631742 (Swedbank)<\/p>\n\n\n\n<p class=\"has-vivid-red-color has-text-color has-link-color wp-elements-0b02fb3f9df645981989b9b0ae396f63\">Maks\u0101juma m\u0113r\u0137is: \u201cResertifik\u0101cija, V\u0101rds Uzv\u0101rds\u201d<\/p>\n\n\n\n<ul class=\"wp-block-list\">\n<li>Iesniedzot dokumentus, l\u016bgums tos sak\u0101rtot pl\u0101naj\u0101 map\u0113-\u0101tr\u0161uv\u0113j\u0101, izdurot caurumus lap\u0101s (nelietojot pl\u0113ves kabati\u0146as).<\/li>\n\n\n\n<li>L\u016bdzam dokumentus iesniegt, sak\u0101rtotus augst\u0101k nor\u0101d\u012btaj\u0101 (iesniedzamo dokumentu)&nbsp;sec\u012bb\u0101. Dokumentu lap\u0101m j\u0101b\u016bt t\u012br\u0101m, visam labi salas\u0101mam un saprotamam. Sertifik\u0101cijas komisijai ir ties\u012bbas nepie\u0146emt un neakcept\u0113t dokumentus, kas ir izpild\u012bti neatbilsto\u0161i nor\u0101d\u012bjumiem un MK noteikumu nr.&nbsp;391 pras\u012bb\u0101m.<\/li>\n\n\n\n<li>Pretendents visus pras\u012btos dokumentus iesniedz optometristu sertifik\u0101cijas komisijas sekret\u0101rei Agnesei J\u0113cei, iepriek\u0161 ar Agnesi sazinoties WhatsApp lietotn\u0113 + 371 26136905 vai rakstot uz epastu optometristu.sertifikacija@gmail.com<\/li>\n<\/ul>\n\n\n\n<p><strong>! Izgatavoto sertifik\u0101tu sa\u0146em\u0161ana<\/strong><\/p>\n\n\n\n<p>Izgatavotos optometrista sertifik\u0101tus var sa\u0146emt Latvijas Universit\u0101tes Dabas m\u0101j\u0101 jelgavas iel\u0101 1, 430. telp\u0101 pirms tam <strong>oblig\u0101ti<\/strong> vienojoties par iera\u0161an\u0101s dienu un laiku ar docenti Evitu Kassalieti WhatsApp +371 26324747<\/p>\n","protected":false},"excerpt":{"rendered":"<p>Dokumentu iesnieg\u0161anu resertifik\u0101cijas procesam rosin\u0101m s\u0101kt \u013coti laic\u012bgi. P\u0113d\u0113jais iesnieg\u0161anas termi\u0146\u0161 ir tr\u012bs m\u0113ne\u0161us pirms sertifik\u0101ta der\u012bguma termi\u0146a beig\u0101m. Br\u012bvdien\u0101s, k\u0101 ar sv\u0113tku dien\u0101s sertifik\u0101cijas komisija dokumentus nepie\u0146em!&nbsp; Cienot sertifik\u0101cijas &#8230;<\/p>\n","protected":false},"author":2,"featured_media":0,"parent":0,"menu_order":0,"comment_status":"closed","ping_status":"closed","template":"","meta":{"footnotes":""},"class_list":["post-1718","page","type-page","status-publish","hentry"],"_links":{"self":[{"href":"https:\/\/optometrija.lv\/index.php?rest_route=\/wp\/v2\/pages\/1718","targetHints":{"allow":["GET"]}}],"collection":[{"href":"https:\/\/optometrija.lv\/index.php?rest_route=\/wp\/v2\/pages"}],"about":[{"href":"https:\/\/optometrija.lv\/index.php?rest_route=\/wp\/v2\/types\/page"}],"author":[{"embeddable":true,"href":"https:\/\/optometrija.lv\/index.php?rest_route=\/wp\/v2\/users\/2"}],"replies":[{"embeddable":true,"href":"https:\/\/optometrija.lv\/index.php?rest_route=%2Fwp%2Fv2%2Fcomments&post=1718"}],"version-history":[{"count":10,"href":"https:\/\/optometrija.lv\/index.php?rest_route=\/wp\/v2\/pages\/1718\/revisions"}],"predecessor-version":[{"id":3168,"href":"https:\/\/optometrija.lv\/index.php?rest_route=\/wp\/v2\/pages\/1718\/revisions\/3168"}],"wp:attachment":[{"href":"https:\/\/optometrija.lv\/index.php?rest_route=%2Fwp%2Fv2%2Fmedia&parent=1718"}],"curies":[{"name":"wp","href":"https:\/\/api.w.org\/{rel}","templated":true}]}}