{"id":1727,"date":"2023-05-08T23:59:29","date_gmt":"2023-05-08T20:59:29","guid":{"rendered":"https:\/\/optometrija.lv\/?page_id=1727"},"modified":"2024-07-23T13:48:21","modified_gmt":"2024-07-23T10:48:21","slug":"ministru-kabineta-noteikumi-nr-943-arstniecibas-personu-sertifikacijas-kartiba","status":"publish","type":"page","link":"https:\/\/optometrija.lv\/?page_id=1727","title":{"rendered":"MK noteikumi nr. 391 &#8220;\u0100rstniec\u012bbas personu sertifik\u0101cijas k\u0101rt\u012bba&#8221;"},"content":{"rendered":"\n<p>\u0160eit pieejami Ministru kabineta noteikumi nr. 391 par \u0100rstniec\u012bbas personu sertifik\u0101cijas k\u0101rt\u012bbu: <a href=\"https:\/\/likumi.lv\/ta\/id\/352922-arstniecibas-personu-sertifikacijas-kartiba\"><strong>Saite uz likumi.lv<\/strong><\/a><\/p>\n","protected":false},"excerpt":{"rendered":"<p>\u0160eit pieejami Ministru kabineta noteikumi nr. 391 par \u0100rstniec\u012bbas personu sertifik\u0101cijas k\u0101rt\u012bbu: Saite uz likumi.lv<\/p>\n","protected":false},"author":2,"featured_media":0,"parent":0,"menu_order":0,"comment_status":"closed","ping_status":"closed","template":"","meta":{"footnotes":""},"class_list":["post-1727","page","type-page","status-publish","hentry"],"_links":{"self":[{"href":"https:\/\/optometrija.lv\/index.php?rest_route=\/wp\/v2\/pages\/1727","targetHints":{"allow":["GET"]}}],"collection":[{"href":"https:\/\/optometrija.lv\/index.php?rest_route=\/wp\/v2\/pages"}],"about":[{"href":"https:\/\/optometrija.lv\/index.php?rest_route=\/wp\/v2\/types\/page"}],"author":[{"embeddable":true,"href":"https:\/\/optometrija.lv\/index.php?rest_route=\/wp\/v2\/users\/2"}],"replies":[{"embeddable":true,"href":"https:\/\/optometrija.lv\/index.php?rest_route=%2Fwp%2Fv2%2Fcomments&post=1727"}],"version-history":[{"count":4,"href":"https:\/\/optometrija.lv\/index.php?rest_route=\/wp\/v2\/pages\/1727\/revisions"}],"predecessor-version":[{"id":2409,"href":"https:\/\/optometrija.lv\/index.php?rest_route=\/wp\/v2\/pages\/1727\/revisions\/2409"}],"wp:attachment":[{"href":"https:\/\/optometrija.lv\/index.php?rest_route=%2Fwp%2Fv2%2Fmedia&parent=1727"}],"curies":[{"name":"wp","href":"https:\/\/api.w.org\/{rel}","templated":true}]}}