{"id":1775,"date":"2023-05-31T22:08:41","date_gmt":"2023-05-31T19:08:41","guid":{"rendered":"https:\/\/optometrija.lv\/?page_id=1775"},"modified":"2024-10-04T14:53:44","modified_gmt":"2024-10-04T11:53:44","slug":"izglitiba-nozare","status":"publish","type":"page","link":"https:\/\/optometrija.lv\/?page_id=1775","title":{"rendered":"Izgl\u012bt\u012bba nozar\u0113"},"content":{"rendered":"\n<p class=\"has-white-color has-text-color\">.<\/p>\n\n\n\n<p><\/p>\n\n\n\n<h3 class=\"wp-block-heading has-medium-font-size\">Optometrista asistents<\/h3>\n\n\n\n<p><a href=\"https:\/\/rmkoledza.lu.lv\/lv\/par-lu-rmk\/studiju-programmas\/optometrista-asistents\/\"><strong>Pirm\u0101 l\u012bme\u0146a profesion\u0101l\u0101s augst\u0101k\u0101s izgl\u012bt\u012bbas studiju programma &#8220;Optometrista asistents&#8221;<\/strong><\/a> Latvijas Universit\u0101tes R\u012bgas Medic\u012bnas koled\u017e\u0101<\/p>\n\n\n\n<h3 class=\"wp-block-heading has-medium-font-size\">Optometrists<\/h3>\n\n\n\n<p><a href=\"https:\/\/www.lu.lv\/studijas\/studiju-programmas\/bakalaura-limena-studijas\/optometrija-lv\/\"><strong>Bakalaura studiju programma &#8220;Optometrija&#8221;<\/strong><\/a> Latvijas Universit\u0101t\u0113<\/p>\n\n\n\n<p><a href=\"https:\/\/www.lu.lv\/studijas\/studiju-programmas\/magistra-limena-studijas\/kliniska-optometrija-lv-4-semestri\/\"><strong>Profesion\u0101l\u0101 ma\u0123istra studiju programma &#8220;Kl\u012bnisk\u0101 optometrija&#8221;<\/strong><\/a> Latvijas Universit\u0101t\u0113<\/p>\n\n\n\n<h3 class=\"wp-block-heading has-medium-font-size\">Doktorant\u016bra<\/h3>\n\n\n\n<p><a href=\"https:\/\/www.lu.lv\/studijas\/studiju-programmas\/doktorantura\/dabaszinatnes-fizika-astronomija-un-mehanika\/\"><strong>Dabaszin\u0101t\u0146u doktorant\u016bras studiju programma &#8220;Fizika, astronomika un meh\u0101nika&#8221;<\/strong><\/a> (apak\u0161nozare &#8220;Medic\u012bnisk\u0101 fizika&#8221;) Latvijas Universit\u0101t\u0113<\/p>\n","protected":false},"excerpt":{"rendered":"<p>. Optometrista asistents Pirm\u0101 l\u012bme\u0146a profesion\u0101l\u0101s augst\u0101k\u0101s izgl\u012bt\u012bbas studiju programma &#8220;Optometrista asistents&#8221; Latvijas Universit\u0101tes R\u012bgas Medic\u012bnas koled\u017e\u0101 Optometrists Bakalaura studiju programma &#8220;Optometrija&#8221; Latvijas Universit\u0101t\u0113 Profesion\u0101l\u0101 ma\u0123istra studiju programma &#8220;Kl\u012bnisk\u0101 optometrija&#8221; &#8230;<\/p>\n","protected":false},"author":2,"featured_media":0,"parent":0,"menu_order":0,"comment_status":"closed","ping_status":"closed","template":"","meta":{"footnotes":""},"class_list":["post-1775","page","type-page","status-publish","hentry"],"_links":{"self":[{"href":"https:\/\/optometrija.lv\/index.php?rest_route=\/wp\/v2\/pages\/1775","targetHints":{"allow":["GET"]}}],"collection":[{"href":"https:\/\/optometrija.lv\/index.php?rest_route=\/wp\/v2\/pages"}],"about":[{"href":"https:\/\/optometrija.lv\/index.php?rest_route=\/wp\/v2\/types\/page"}],"author":[{"embeddable":true,"href":"https:\/\/optometrija.lv\/index.php?rest_route=\/wp\/v2\/users\/2"}],"replies":[{"embeddable":true,"href":"https:\/\/optometrija.lv\/index.php?rest_route=%2Fwp%2Fv2%2Fcomments&post=1775"}],"version-history":[{"count":6,"href":"https:\/\/optometrija.lv\/index.php?rest_route=\/wp\/v2\/pages\/1775\/revisions"}],"predecessor-version":[{"id":2532,"href":"https:\/\/optometrija.lv\/index.php?rest_route=\/wp\/v2\/pages\/1775\/revisions\/2532"}],"wp:attachment":[{"href":"https:\/\/optometrija.lv\/index.php?rest_route=%2Fwp%2Fv2%2Fmedia&parent=1775"}],"curies":[{"name":"wp","href":"https:\/\/api.w.org\/{rel}","templated":true}]}}