{"id":1984,"date":"2024-01-30T12:22:42","date_gmt":"2024-01-30T09:22:42","guid":{"rendered":"https:\/\/optometrija.lv\/?page_id=1984"},"modified":"2024-03-12T15:31:15","modified_gmt":"2024-03-12T12:31:15","slug":"par-nozari","status":"publish","type":"page","link":"https:\/\/optometrija.lv\/?page_id=1984","title":{"rendered":"Par nozari"},"content":{"rendered":"\n<p><\/p>\n\n\n\n<h3 class=\"wp-block-heading\"><a href=\"https:\/\/optometrija.lv\/?page_id=2047\">\u21d2 Nozares profesiju standarti<\/a><\/h3>\n\n\n\n<p class=\"has-white-color has-text-color has-link-color wp-elements-7e4ac651328708ea719ac0894fa30934\">.<\/p>\n\n\n\n<h3 class=\"wp-block-heading\"><a href=\"https:\/\/optometrija.lv\/?page_id=2053\">\u21d2 Optometrijas medic\u012bnas tehnolo\u0123ijas<\/a><\/h3>\n\n\n\n<p class=\"has-white-color has-text-color has-link-color wp-elements-7e4ac651328708ea719ac0894fa30934\">.<\/p>\n\n\n\n<h3 class=\"wp-block-heading\"><a href=\"https:\/\/optometrija.lv\/?page_id=1775\">\u21d2 Izgl\u012bt\u012bba nozar\u0113<\/a><\/h3>\n\n\n\n<p class=\"has-white-color has-text-color has-link-color wp-elements-7e4ac651328708ea719ac0894fa30934\">.<\/p>\n\n\n\n<h3 class=\"wp-block-heading\"><a href=\"https:\/\/optometrija.lv\/?page_id=2211\">\u21d2 \u0100rstniec\u012bbas iest\u0101des re\u0123istr\u0113\u0161anai noder\u012bgas datnes<\/a><\/h3>\n","protected":false},"excerpt":{"rendered":"<p>\u21d2 Nozares profesiju standarti . \u21d2 Optometrijas medic\u012bnas tehnolo\u0123ijas . \u21d2 Izgl\u012bt\u012bba nozar\u0113 . \u21d2 \u0100rstniec\u012bbas iest\u0101des re\u0123istr\u0113\u0161anai noder\u012bgas datnes<\/p>\n","protected":false},"author":2,"featured_media":0,"parent":0,"menu_order":0,"comment_status":"closed","ping_status":"closed","template":"","meta":{"footnotes":""},"class_list":["post-1984","page","type-page","status-publish","hentry"],"_links":{"self":[{"href":"https:\/\/optometrija.lv\/index.php?rest_route=\/wp\/v2\/pages\/1984","targetHints":{"allow":["GET"]}}],"collection":[{"href":"https:\/\/optometrija.lv\/index.php?rest_route=\/wp\/v2\/pages"}],"about":[{"href":"https:\/\/optometrija.lv\/index.php?rest_route=\/wp\/v2\/types\/page"}],"author":[{"embeddable":true,"href":"https:\/\/optometrija.lv\/index.php?rest_route=\/wp\/v2\/users\/2"}],"replies":[{"embeddable":true,"href":"https:\/\/optometrija.lv\/index.php?rest_route=%2Fwp%2Fv2%2Fcomments&post=1984"}],"version-history":[{"count":6,"href":"https:\/\/optometrija.lv\/index.php?rest_route=\/wp\/v2\/pages\/1984\/revisions"}],"predecessor-version":[{"id":2254,"href":"https:\/\/optometrija.lv\/index.php?rest_route=\/wp\/v2\/pages\/1984\/revisions\/2254"}],"wp:attachment":[{"href":"https:\/\/optometrija.lv\/index.php?rest_route=%2Fwp%2Fv2%2Fmedia&parent=1984"}],"curies":[{"name":"wp","href":"https:\/\/api.w.org\/{rel}","templated":true}]}}