{"id":1996,"date":"2024-01-30T12:33:24","date_gmt":"2024-01-30T09:33:24","guid":{"rendered":"https:\/\/optometrija.lv\/?page_id=1996"},"modified":"2025-03-22T19:20:49","modified_gmt":"2025-03-22T17:20:49","slug":"statuti-un-nolikumi","status":"publish","type":"page","link":"https:\/\/optometrija.lv\/?page_id=1996","title":{"rendered":"Stat\u016bti un nolikumi"},"content":{"rendered":"\n<h3 class=\"wp-block-heading\"><a href=\"https:\/\/optometrija.lv\/?page_id=1509\">\u21d2 LOOA stat\u016bti<\/a><\/h3>\n\n\n\n<p class=\"has-white-color has-text-color has-link-color wp-elements-7e4ac651328708ea719ac0894fa30934\">.<\/p>\n\n\n\n<h3 class=\"wp-block-heading\"><a href=\"https:\/\/optometrija.lv\/?page_id=1531\">\u21d2 \u0112tikas kodekss<\/a><\/h3>\n\n\n\n<p class=\"has-white-color has-text-color has-link-color wp-elements-7e4ac651328708ea719ac0894fa30934\">.<\/p>\n\n\n\n<h3 class=\"wp-block-heading\"><a href=\"https:\/\/optometrija.lv\/?page_id=1664\">\u21d2 Kvalifik\u0101cijas padomes nolikums<\/a><\/h3>\n\n\n\n<p class=\"has-white-color has-text-color has-link-color wp-elements-7e4ac651328708ea719ac0894fa30934\">.<\/p>\n\n\n\n<h3 class=\"wp-block-heading\"><a href=\"https:\/\/optometrija.lv\/?page_id=2755\">\u21d2 LOOA pras\u012bbas TIP pie\u0161\u0137ir\u0161anai<\/a><\/h3>\n\n\n\n<p><\/p>\n","protected":false},"excerpt":{"rendered":"<p>\u21d2 LOOA stat\u016bti . \u21d2 \u0112tikas kodekss . \u21d2 Kvalifik\u0101cijas padomes nolikums . \u21d2 LOOA pras\u012bbas TIP pie\u0161\u0137ir\u0161anai<\/p>\n","protected":false},"author":2,"featured_media":0,"parent":0,"menu_order":0,"comment_status":"closed","ping_status":"closed","template":"","meta":{"footnotes":""},"class_list":["post-1996","page","type-page","status-publish","hentry"],"_links":{"self":[{"href":"https:\/\/optometrija.lv\/index.php?rest_route=\/wp\/v2\/pages\/1996","targetHints":{"allow":["GET"]}}],"collection":[{"href":"https:\/\/optometrija.lv\/index.php?rest_route=\/wp\/v2\/pages"}],"about":[{"href":"https:\/\/optometrija.lv\/index.php?rest_route=\/wp\/v2\/types\/page"}],"author":[{"embeddable":true,"href":"https:\/\/optometrija.lv\/index.php?rest_route=\/wp\/v2\/users\/2"}],"replies":[{"embeddable":true,"href":"https:\/\/optometrija.lv\/index.php?rest_route=%2Fwp%2Fv2%2Fcomments&post=1996"}],"version-history":[{"count":6,"href":"https:\/\/optometrija.lv\/index.php?rest_route=\/wp\/v2\/pages\/1996\/revisions"}],"predecessor-version":[{"id":2758,"href":"https:\/\/optometrija.lv\/index.php?rest_route=\/wp\/v2\/pages\/1996\/revisions\/2758"}],"wp:attachment":[{"href":"https:\/\/optometrija.lv\/index.php?rest_route=%2Fwp%2Fv2%2Fmedia&parent=1996"}],"curies":[{"name":"wp","href":"https:\/\/api.w.org\/{rel}","templated":true}]}}