{"id":2026,"date":"2024-02-18T21:41:01","date_gmt":"2024-02-18T18:41:01","guid":{"rendered":"https:\/\/optometrija.lv\/?page_id=2026"},"modified":"2026-03-22T20:41:07","modified_gmt":"2026-03-22T18:41:07","slug":"konkurss-looa-gada-optometrists","status":"publish","type":"page","link":"https:\/\/optometrija.lv\/?page_id=2026","title":{"rendered":"Konkurss &#8220;LOOA Gada optometrists&#8221;"},"content":{"rendered":"\n<p><\/p>\n\n\n\n<p>Kop\u0161 2016. gada Latvijas Optometristu un opti\u0137u asoci\u0101cijas valde ik gadu organiz\u0113 konkursu &#8220;LOOA Gada optometrists&#8221;, lai cildin\u0101tu darb\u012bg\u0101kos, zino\u0161\u0101kos, rado\u0161\u0101kos un vis\u0101di cit\u0101di izcil\u0101kos optometristus Latvij\u0101.<\/p>\n\n\n\n<p>Konkursa m\u0113r\u0137is ir optometrista profesijas populariz\u0113\u0161ana, speci\u0101listu profesion\u0101l\u0101s izaugsmes veicin\u0101\u0161ana un optometristu pakalpojumu kvalit\u0101tes uzlabo\u0161ana.<\/p>\n\n\n\n<p><\/p>\n\n\n\n<p><strong><a href=\"https:\/\/optometrija.lv\/wp-content\/uploads\/2026\/01\/2025_LOOA_Gada-optometrists_Nolikums.pdf\">Konkursa nolikums_2025<\/a><\/strong><\/p>\n\n\n\n<p><strong><a href=\"https:\/\/optometrija.lv\/wp-content\/uploads\/2026\/01\/2025_LOOA_Gada-optometrists_Pieteikums.docx\">Pieteikums_2025<\/a><\/strong><\/p>\n\n\n\n<p><\/p>\n\n\n\n<p><\/p>\n\n\n\n<h2 class=\"wp-block-heading has-text-align-center\">Konkursa &#8220;LOOA Gada optometrists&#8221; laure\u0101tu galerija<\/h2>\n\n\n\n<p><\/p>\n\n\n\n<h3 class=\"wp-block-heading has-text-align-center\">Gada optometriste 2025 Katr\u012bna Ulberte<\/h3>\n\n\n\n<figure class=\"wp-block-image size-large\"><img loading=\"lazy\" decoding=\"async\" width=\"848\" height=\"1024\" src=\"https:\/\/optometrija.lv\/wp-content\/uploads\/2026\/03\/20260322_151313-2-848x1024.jpg\" alt=\"\" class=\"wp-image-3368\" srcset=\"https:\/\/optometrija.lv\/wp-content\/uploads\/2026\/03\/20260322_151313-2-848x1024.jpg 848w, https:\/\/optometrija.lv\/wp-content\/uploads\/2026\/03\/20260322_151313-2-249x300.jpg 249w, https:\/\/optometrija.lv\/wp-content\/uploads\/2026\/03\/20260322_151313-2-768x927.jpg 768w, https:\/\/optometrija.lv\/wp-content\/uploads\/2026\/03\/20260322_151313-2-1272x1536.jpg 1272w, https:\/\/optometrija.lv\/wp-content\/uploads\/2026\/03\/20260322_151313-2-1697x2048.jpg 1697w\" sizes=\"auto, (max-width: 848px) 100vw, 848px\" \/><\/figure>\n\n\n\n<h3 class=\"wp-block-heading has-text-align-center\">Gada optometriste 2024 Krist\u012bne Kalni\u010da-Doro\u0161enko<\/h3>\n\n\n\n<figure class=\"wp-block-image size-large\"><img loading=\"lazy\" decoding=\"async\" width=\"1024\" height=\"576\" src=\"https:\/\/optometrija.lv\/wp-content\/uploads\/2025\/03\/DSC04598-1024x576.jpg\" alt=\"\" class=\"wp-image-2770\" srcset=\"https:\/\/optometrija.lv\/wp-content\/uploads\/2025\/03\/DSC04598-1024x576.jpg 1024w, https:\/\/optometrija.lv\/wp-content\/uploads\/2025\/03\/DSC04598-300x169.jpg 300w, https:\/\/optometrija.lv\/wp-content\/uploads\/2025\/03\/DSC04598-768x432.jpg 768w, https:\/\/optometrija.lv\/wp-content\/uploads\/2025\/03\/DSC04598-1536x864.jpg 1536w, https:\/\/optometrija.lv\/wp-content\/uploads\/2025\/03\/DSC04598-2048x1152.jpg 2048w\" sizes=\"auto, (max-width: 1024px) 100vw, 1024px\" \/><\/figure>\n\n\n\n<p class=\"has-white-color has-text-color has-link-color wp-elements-7e4ac651328708ea719ac0894fa30934\">.<\/p>\n\n\n\n<h3 class=\"wp-block-heading has-text-align-center\">Gada optometriste 2023 Zanda Ruskule<\/h3>\n\n\n<div class=\"wp-block-image\">\n<figure class=\"aligncenter size-large\"><img loading=\"lazy\" decoding=\"async\" width=\"953\" height=\"1024\" src=\"https:\/\/optometrija.lv\/wp-content\/uploads\/2024\/11\/Zanda-Ruskule_2023-gada-optometrists-953x1024.jpg\" alt=\"\" class=\"wp-image-2625\" srcset=\"https:\/\/optometrija.lv\/wp-content\/uploads\/2024\/11\/Zanda-Ruskule_2023-gada-optometrists-953x1024.jpg 953w, https:\/\/optometrija.lv\/wp-content\/uploads\/2024\/11\/Zanda-Ruskule_2023-gada-optometrists-279x300.jpg 279w, https:\/\/optometrija.lv\/wp-content\/uploads\/2024\/11\/Zanda-Ruskule_2023-gada-optometrists-768x826.jpg 768w, https:\/\/optometrija.lv\/wp-content\/uploads\/2024\/11\/Zanda-Ruskule_2023-gada-optometrists.jpg 1080w\" sizes=\"auto, (max-width: 953px) 100vw, 953px\" \/><\/figure>\n<\/div>\n\n\n<p class=\"has-white-color has-text-color has-link-color wp-elements-7e4ac651328708ea719ac0894fa30934\">.<\/p>\n\n\n\n<h3 class=\"wp-block-heading has-text-align-center\">Gada optometriste 2022 Ilze Dil\u0101ne<\/h3>\n\n\n<div class=\"wp-block-image\">\n<figure class=\"aligncenter size-large is-resized\"><img loading=\"lazy\" decoding=\"async\" width=\"2160\" height=\"2160\" src=\"https:\/\/optometrija.lv\/wp-content\/uploads\/2024\/02\/DSC03240-4k-edited-1.jpg\" alt=\"\" class=\"wp-image-2039\" style=\"width:526px;height:auto\" srcset=\"https:\/\/optometrija.lv\/wp-content\/uploads\/2024\/02\/DSC03240-4k-edited-1.jpg 2160w, https:\/\/optometrija.lv\/wp-content\/uploads\/2024\/02\/DSC03240-4k-edited-1-300x300.jpg 300w, https:\/\/optometrija.lv\/wp-content\/uploads\/2024\/02\/DSC03240-4k-edited-1-1024x1024.jpg 1024w, https:\/\/optometrija.lv\/wp-content\/uploads\/2024\/02\/DSC03240-4k-edited-1-150x150.jpg 150w, https:\/\/optometrija.lv\/wp-content\/uploads\/2024\/02\/DSC03240-4k-edited-1-768x768.jpg 768w, https:\/\/optometrija.lv\/wp-content\/uploads\/2024\/02\/DSC03240-4k-edited-1-1536x1536.jpg 1536w, https:\/\/optometrija.lv\/wp-content\/uploads\/2024\/02\/DSC03240-4k-edited-1-2048x2048.jpg 2048w\" sizes=\"auto, (max-width: 2160px) 100vw, 2160px\" \/><\/figure>\n<\/div>\n\n\n<p class=\"has-white-color has-text-color has-link-color wp-elements-7e4ac651328708ea719ac0894fa30934\">.<\/p>\n\n\n\n<h3 class=\"wp-block-heading has-text-align-center\">Gada optometriste 2021 Je\u013cena St\u016bri\u0161ka<\/h3>\n\n\n<div class=\"wp-block-image\">\n<figure class=\"aligncenter size-full is-resized\"><img loading=\"lazy\" decoding=\"async\" width=\"337\" height=\"490\" src=\"https:\/\/optometrija.lv\/wp-content\/uploads\/2024\/02\/Sturiska-Jelena_Gada-optometrists-2021.jpg\" alt=\"\" class=\"wp-image-2032\" style=\"width:397px;height:auto\" srcset=\"https:\/\/optometrija.lv\/wp-content\/uploads\/2024\/02\/Sturiska-Jelena_Gada-optometrists-2021.jpg 337w, https:\/\/optometrija.lv\/wp-content\/uploads\/2024\/02\/Sturiska-Jelena_Gada-optometrists-2021-206x300.jpg 206w\" sizes=\"auto, (max-width: 337px) 100vw, 337px\" \/><\/figure>\n<\/div>\n\n\n<p class=\"has-white-color has-text-color has-link-color wp-elements-7e4ac651328708ea719ac0894fa30934\">.<\/p>\n\n\n\n<h3 class=\"wp-block-heading has-text-align-center\">Gada optometriste 2020 Je\u013cena Slabcova<\/h3>\n\n\n<div class=\"wp-block-image\">\n<figure class=\"aligncenter size-large is-resized\"><img loading=\"lazy\" decoding=\"async\" width=\"680\" height=\"1024\" src=\"https:\/\/optometrija.lv\/wp-content\/uploads\/2024\/02\/Slabcova_Gada-optometrists-680x1024.jpg\" alt=\"\" class=\"wp-image-2033\" style=\"width:404px;height:auto\" srcset=\"https:\/\/optometrija.lv\/wp-content\/uploads\/2024\/02\/Slabcova_Gada-optometrists-680x1024.jpg 680w, https:\/\/optometrija.lv\/wp-content\/uploads\/2024\/02\/Slabcova_Gada-optometrists-199x300.jpg 199w, https:\/\/optometrija.lv\/wp-content\/uploads\/2024\/02\/Slabcova_Gada-optometrists-768x1156.jpg 768w, https:\/\/optometrija.lv\/wp-content\/uploads\/2024\/02\/Slabcova_Gada-optometrists-1020x1536.jpg 1020w, https:\/\/optometrija.lv\/wp-content\/uploads\/2024\/02\/Slabcova_Gada-optometrists.jpg 1068w\" sizes=\"auto, (max-width: 680px) 100vw, 680px\" \/><\/figure>\n<\/div>\n\n\n<p class=\"has-white-color has-text-color has-link-color wp-elements-7e4ac651328708ea719ac0894fa30934\">.<\/p>\n\n\n\n<h3 class=\"wp-block-heading has-text-align-center\">Gada optometriste 2019 Evita Kassaliete<\/h3>\n\n\n<div class=\"wp-block-image\">\n<figure class=\"aligncenter size-full is-resized\"><img loading=\"lazy\" decoding=\"async\" width=\"596\" height=\"580\" src=\"https:\/\/optometrija.lv\/wp-content\/uploads\/2024\/02\/Kassaliete_Evita_foto.jpeg\" alt=\"\" class=\"wp-image-2029\" style=\"width:452px;height:auto\" srcset=\"https:\/\/optometrija.lv\/wp-content\/uploads\/2024\/02\/Kassaliete_Evita_foto.jpeg 596w, https:\/\/optometrija.lv\/wp-content\/uploads\/2024\/02\/Kassaliete_Evita_foto-300x292.jpeg 300w\" sizes=\"auto, (max-width: 596px) 100vw, 596px\" \/><\/figure>\n<\/div>\n\n\n<p class=\"has-white-color has-text-color has-link-color wp-elements-7e4ac651328708ea719ac0894fa30934\">.<\/p>\n\n\n\n<h3 class=\"wp-block-heading has-text-align-center\">Gada optometriste 2018 Krist\u012bne Detkova<\/h3>\n\n\n<div class=\"wp-block-image\">\n<figure class=\"aligncenter size-full is-resized\"><img loading=\"lazy\" decoding=\"async\" width=\"1024\" height=\"768\" src=\"https:\/\/optometrija.lv\/wp-content\/uploads\/2024\/02\/Detkova-Kristine_Gada-optometrists-2018.jpg\" alt=\"\" class=\"wp-image-2030\" style=\"width:684px;height:auto\" srcset=\"https:\/\/optometrija.lv\/wp-content\/uploads\/2024\/02\/Detkova-Kristine_Gada-optometrists-2018.jpg 1024w, https:\/\/optometrija.lv\/wp-content\/uploads\/2024\/02\/Detkova-Kristine_Gada-optometrists-2018-300x225.jpg 300w, https:\/\/optometrija.lv\/wp-content\/uploads\/2024\/02\/Detkova-Kristine_Gada-optometrists-2018-768x576.jpg 768w\" sizes=\"auto, (max-width: 1024px) 100vw, 1024px\" \/><\/figure>\n<\/div>\n\n\n<p class=\"has-white-color has-text-color has-link-color wp-elements-7e4ac651328708ea719ac0894fa30934\">.<\/p>\n\n\n\n<h3 class=\"wp-block-heading has-text-align-center\">Gada optometriste 2017 Aiga \u0160vede<\/h3>\n\n\n<div class=\"wp-block-image\">\n<figure class=\"aligncenter size-large is-resized\"><img loading=\"lazy\" decoding=\"async\" width=\"1024\" height=\"576\" src=\"https:\/\/optometrija.lv\/wp-content\/uploads\/2024\/02\/Svede_Gada-optometrists_2017-1024x576.jpg\" alt=\"\" class=\"wp-image-2035\" style=\"width:748px;height:auto\" srcset=\"https:\/\/optometrija.lv\/wp-content\/uploads\/2024\/02\/Svede_Gada-optometrists_2017-1024x576.jpg 1024w, https:\/\/optometrija.lv\/wp-content\/uploads\/2024\/02\/Svede_Gada-optometrists_2017-300x169.jpg 300w, https:\/\/optometrija.lv\/wp-content\/uploads\/2024\/02\/Svede_Gada-optometrists_2017-768x432.jpg 768w, https:\/\/optometrija.lv\/wp-content\/uploads\/2024\/02\/Svede_Gada-optometrists_2017-1536x863.jpg 1536w, https:\/\/optometrija.lv\/wp-content\/uploads\/2024\/02\/Svede_Gada-optometrists_2017.jpg 2048w\" sizes=\"auto, (max-width: 1024px) 100vw, 1024px\" \/><\/figure>\n<\/div>\n\n\n<p class=\"has-white-color has-text-color has-link-color wp-elements-7e4ac651328708ea719ac0894fa30934\">.<\/p>\n\n\n\n<h3 class=\"wp-block-heading has-text-align-center\">Gada optometriste 2016 Krista Caune-B\u0113rzi\u0146a<\/h3>\n\n\n<div class=\"wp-block-image\">\n<figure class=\"aligncenter size-full is-resized\"><img loading=\"lazy\" decoding=\"async\" width=\"731\" height=\"1024\" src=\"https:\/\/optometrija.lv\/wp-content\/uploads\/2024\/02\/Caune-Berzina-Krista-Gada-optometrists-2016.jpg\" alt=\"\" class=\"wp-image-2031\" style=\"width:421px;height:auto\" srcset=\"https:\/\/optometrija.lv\/wp-content\/uploads\/2024\/02\/Caune-Berzina-Krista-Gada-optometrists-2016.jpg 731w, https:\/\/optometrija.lv\/wp-content\/uploads\/2024\/02\/Caune-Berzina-Krista-Gada-optometrists-2016-214x300.jpg 214w\" sizes=\"auto, (max-width: 731px) 100vw, 731px\" \/><\/figure>\n<\/div>","protected":false},"excerpt":{"rendered":"<p>Kop\u0161 2016. gada Latvijas Optometristu un opti\u0137u asoci\u0101cijas valde ik gadu organiz\u0113 konkursu &#8220;LOOA Gada optometrists&#8221;, lai cildin\u0101tu darb\u012bg\u0101kos, zino\u0161\u0101kos, rado\u0161\u0101kos un vis\u0101di cit\u0101di izcil\u0101kos optometristus Latvij\u0101. Konkursa m\u0113r\u0137is ir &#8230;<\/p>\n","protected":false},"author":2,"featured_media":0,"parent":0,"menu_order":0,"comment_status":"closed","ping_status":"closed","template":"","meta":{"footnotes":""},"class_list":["post-2026","page","type-page","status-publish","hentry"],"_links":{"self":[{"href":"https:\/\/optometrija.lv\/index.php?rest_route=\/wp\/v2\/pages\/2026","targetHints":{"allow":["GET"]}}],"collection":[{"href":"https:\/\/optometrija.lv\/index.php?rest_route=\/wp\/v2\/pages"}],"about":[{"href":"https:\/\/optometrija.lv\/index.php?rest_route=\/wp\/v2\/types\/page"}],"author":[{"embeddable":true,"href":"https:\/\/optometrija.lv\/index.php?rest_route=\/wp\/v2\/users\/2"}],"replies":[{"embeddable":true,"href":"https:\/\/optometrija.lv\/index.php?rest_route=%2Fwp%2Fv2%2Fcomments&post=2026"}],"version-history":[{"count":12,"href":"https:\/\/optometrija.lv\/index.php?rest_route=\/wp\/v2\/pages\/2026\/revisions"}],"predecessor-version":[{"id":3375,"href":"https:\/\/optometrija.lv\/index.php?rest_route=\/wp\/v2\/pages\/2026\/revisions\/3375"}],"wp:attachment":[{"href":"https:\/\/optometrija.lv\/index.php?rest_route=%2Fwp%2Fv2%2Fmedia&parent=2026"}],"curies":[{"name":"wp","href":"https:\/\/api.w.org\/{rel}","templated":true}]}}