{"id":2047,"date":"2024-02-18T22:37:16","date_gmt":"2024-02-18T19:37:16","guid":{"rendered":"https:\/\/optometrija.lv\/?page_id=2047"},"modified":"2024-03-07T14:54:32","modified_gmt":"2024-03-07T11:54:32","slug":"nozares-profesiju-standarti","status":"publish","type":"page","link":"https:\/\/optometrija.lv\/?page_id=2047","title":{"rendered":"Nozares profesiju standarti"},"content":{"rendered":"\n<p><\/p>\n\n\n\n<p><strong><a href=\"https:\/\/optometrija.lv\/wp-content\/uploads\/2024\/02\/Optometrista-Profesijas-standarts_2019.pdf\" target=\"_blank\" rel=\"noreferrer noopener\">Optometrista profesijas standarts<\/a><\/strong> (saska\u0146ots 2019. gada 11. decembr\u012b)<\/p>\n\n\n\n<p><\/p>\n\n\n\n<p><strong><a href=\"https:\/\/optometrija.lv\/wp-content\/uploads\/2024\/02\/Optometrista-asistenta-profesijas-standarts_2019.pdf\" target=\"_blank\" rel=\"noreferrer noopener\">Optometrista asistenta profesijas standarts<\/a><\/strong> (saska\u0146ots 2019. gada 16. oktobr\u012b)<\/p>\n","protected":false},"excerpt":{"rendered":"<p>Optometrista profesijas standarts (saska\u0146ots 2019. gada 11. decembr\u012b) Optometrista asistenta profesijas standarts (saska\u0146ots 2019. gada 16. oktobr\u012b)<\/p>\n","protected":false},"author":2,"featured_media":0,"parent":0,"menu_order":0,"comment_status":"closed","ping_status":"closed","template":"","meta":{"footnotes":""},"class_list":["post-2047","page","type-page","status-publish","hentry"],"_links":{"self":[{"href":"https:\/\/optometrija.lv\/index.php?rest_route=\/wp\/v2\/pages\/2047","targetHints":{"allow":["GET"]}}],"collection":[{"href":"https:\/\/optometrija.lv\/index.php?rest_route=\/wp\/v2\/pages"}],"about":[{"href":"https:\/\/optometrija.lv\/index.php?rest_route=\/wp\/v2\/types\/page"}],"author":[{"embeddable":true,"href":"https:\/\/optometrija.lv\/index.php?rest_route=\/wp\/v2\/users\/2"}],"replies":[{"embeddable":true,"href":"https:\/\/optometrija.lv\/index.php?rest_route=%2Fwp%2Fv2%2Fcomments&post=2047"}],"version-history":[{"count":2,"href":"https:\/\/optometrija.lv\/index.php?rest_route=\/wp\/v2\/pages\/2047\/revisions"}],"predecessor-version":[{"id":2196,"href":"https:\/\/optometrija.lv\/index.php?rest_route=\/wp\/v2\/pages\/2047\/revisions\/2196"}],"wp:attachment":[{"href":"https:\/\/optometrija.lv\/index.php?rest_route=%2Fwp%2Fv2%2Fmedia&parent=2047"}],"curies":[{"name":"wp","href":"https:\/\/api.w.org\/{rel}","templated":true}]}}