{"id":2053,"date":"2024-02-18T22:42:09","date_gmt":"2024-02-18T19:42:09","guid":{"rendered":"https:\/\/optometrija.lv\/?page_id=2053"},"modified":"2024-02-18T22:42:10","modified_gmt":"2024-02-18T19:42:10","slug":"optometrijas-medicinas-tehnologijas","status":"publish","type":"page","link":"https:\/\/optometrija.lv\/?page_id=2053","title":{"rendered":"Optometrijas medic\u012bnas tehnolo\u0123ijas"},"content":{"rendered":"\n<p><\/p>\n\n\n\n<p>Optometrijas nozar\u0113 ir re\u0123istr\u0113tas 6 \u0101rstniec\u012bb\u0101 izmantojam\u0101s medic\u012bnas tehnolo\u0123ijas:<\/p>\n\n\n\n<ol class=\"wp-block-list\">\n<li>Redzes funkciju nov\u0113rt\u0113\u0161ana optometrista praks\u0113<\/li>\n\n\n\n<li>Redzes korekcijas un p\u0113capr\u016bpes noz\u012bm\u0113\u0161ana optometrista praks\u0113<\/li>\n\n\n\n<li>Acu strukt\u016bru vesel\u012bbas nov\u0113rt\u0113\u0161ana optometrista praks\u0113<\/li>\n\n\n\n<li>Redzes rehabilit\u0101cija optometrista praks\u0113<\/li>\n\n\n\n<li>V\u0101jredz\u012bgu pacientu redzes sp\u0113ju nov\u0113rt\u0113\u0161ana un korekcijas pal\u012bgl\u012bdzek\u013cu noz\u012bm\u0113\u0161ana optometrista praks\u0113<\/li>\n\n\n\n<li>Redzes profilaktisk\u0101 p\u0101rbaude b\u0113rniem optometrista praks\u0113<\/li>\n<\/ol>\n\n\n\n<p>To apraksti pieejami <strong><a href=\"https:\/\/dati.zva.gov.lv\/mtdb\/8-oftalmologijas-mediciniskie-pakalpojumi\/optometristu-mediciniskie-pakalpojumi\">\u0161eit<\/a><\/strong> Z\u0101\u013cu valsts a\u0123ent\u016bras datub\u0101z\u0113.<\/p>\n","protected":false},"excerpt":{"rendered":"<p>Optometrijas nozar\u0113 ir re\u0123istr\u0113tas 6 \u0101rstniec\u012bb\u0101 izmantojam\u0101s medic\u012bnas tehnolo\u0123ijas: To apraksti pieejami \u0161eit Z\u0101\u013cu valsts a\u0123ent\u016bras datub\u0101z\u0113.<\/p>\n","protected":false},"author":2,"featured_media":0,"parent":0,"menu_order":0,"comment_status":"closed","ping_status":"closed","template":"","meta":{"footnotes":""},"class_list":["post-2053","page","type-page","status-publish","hentry"],"_links":{"self":[{"href":"https:\/\/optometrija.lv\/index.php?rest_route=\/wp\/v2\/pages\/2053","targetHints":{"allow":["GET"]}}],"collection":[{"href":"https:\/\/optometrija.lv\/index.php?rest_route=\/wp\/v2\/pages"}],"about":[{"href":"https:\/\/optometrija.lv\/index.php?rest_route=\/wp\/v2\/types\/page"}],"author":[{"embeddable":true,"href":"https:\/\/optometrija.lv\/index.php?rest_route=\/wp\/v2\/users\/2"}],"replies":[{"embeddable":true,"href":"https:\/\/optometrija.lv\/index.php?rest_route=%2Fwp%2Fv2%2Fcomments&post=2053"}],"version-history":[{"count":1,"href":"https:\/\/optometrija.lv\/index.php?rest_route=\/wp\/v2\/pages\/2053\/revisions"}],"predecessor-version":[{"id":2054,"href":"https:\/\/optometrija.lv\/index.php?rest_route=\/wp\/v2\/pages\/2053\/revisions\/2054"}],"wp:attachment":[{"href":"https:\/\/optometrija.lv\/index.php?rest_route=%2Fwp%2Fv2%2Fmedia&parent=2053"}],"curies":[{"name":"wp","href":"https:\/\/api.w.org\/{rel}","templated":true}]}}