{"id":2132,"date":"2024-03-02T23:16:13","date_gmt":"2024-03-02T20:16:13","guid":{"rendered":"https:\/\/optometrija.lv\/?page_id=2132"},"modified":"2025-04-24T09:32:40","modified_gmt":"2025-04-24T07:32:40","slug":"sertifikacijas-komisija-un-tas-darbiba","status":"publish","type":"page","link":"https:\/\/optometrija.lv\/?page_id=2132","title":{"rendered":"Sertifik\u0101cijas komisija un t\u0101s darb\u012bba"},"content":{"rendered":"\n<p class=\"has-white-color has-text-color has-link-color wp-elements-7e4ac651328708ea719ac0894fa30934\">.<\/p>\n\n\n\n<p>Sertifik\u0101cijas komisijas priek\u0161s\u0113d\u0113t\u0101ja \u2013 Aija Makovska ( mob. tel. + 371 28396306)<\/p>\n\n\n\n<p>Sertifik\u0101cijas komisijas priek\u0161s\u0113d\u0113t\u0101jas vietniece \u2013 Zanda Ruskule<\/p>\n\n\n\n<p>Sertifik\u0101cijas komisijas sekret\u0101re \u2013 Agnese J\u0113ce<\/p>\n\n\n\n<p>Sertifik\u0101cijas komisijas locek\u013ci \u2013 Ieva Ansone, Je\u013cena St\u016bri\u0161ka, Katr\u012bna Ulberte, Krista Caune \u2013 B\u0113rzi\u0146a<\/p>\n\n\n\n<p>LOOA sertifik\u0101cijas komisijas e-pasts sazi\u0146ai: <a href=\"mailto:optometristu.sertifik\u0101cija@gmail.com\"><strong>optometristu.sertifikacija@gmail.com<\/strong><\/a><\/p>\n\n\n\n<p class=\"has-white-color has-text-color has-link-color wp-elements-7e4ac651328708ea719ac0894fa30934\">.<\/p>\n\n\n\n<p>Sertifik\u0101cijas komisija inform\u0113, ka pl\u0101notie s\u0113\u017eu grafiki 2025. gad\u0101 ir \u0161\u0101di:<\/p>\n\n\n\n<p>07.01.2025.<\/p>\n\n\n\n<p>11.02.2025.<\/p>\n\n\n\n<p>18.03.2025.<\/p>\n\n\n\n<p>22.04.2025.<\/p>\n\n\n\n<p>13.05.2025<\/p>\n\n\n\n<p>15.07.2025.<\/p>\n\n\n\n<p>19.08.2025.<\/p>\n\n\n\n<p>23.09.2025.<\/p>\n\n\n\n<p>04.11.2025.<\/p>\n\n\n\n<p>09.12.2025.<\/p>\n\n\n\n<p>Komisijas s\u0113des notiks nor\u0101d\u012btajos datumos R\u012bg\u0101, Elijas iel\u0101 17, 4. st\u0101v\u0101, m\u0101c\u012bbu z\u0101l\u0113 no plkst. 17.00. Eks\u0101menu pie\u0146em\u0161anas dien\u0101s (pretendenti tiek inform\u0113ti individu\u0101li) no 9.00 l\u012bdz 17.00.<\/p>\n\n\n\n<p>LOOA sertifik\u0101cijas komisija atg\u0101dina, ka resertifik\u0101cijas dokumenti j\u0101iesniedz komisijai <strong>NE V\u0112L\u0100K<\/strong> <strong>k\u0101 3 m\u0113ne\u0161us PIRMS<\/strong> eso\u0161\u0101 sertifik\u0101ta der\u012bguma termi\u0146a beig\u0101m.<\/p>\n\n\n\n<p>Par sertifik\u0101cijas eks\u0101mena datumu un laiku pretendents individu\u0101li tiek inform\u0113ts <strong>NE V\u0112L\u0100K k\u0101 m\u0113nesi pirms noteikt\u0101 eks\u0101mena datuma<\/strong>. Atg\u0101din\u0101m, ka eks\u0101menu pl\u0101nojam tad, kad ir sasniegts pietiekams pretendentu skaits \u2013 vismaz 4.<\/p>\n\n\n\n<p>Sestdien\u0101s, sv\u0113tdien\u0101s, k\u0101 ar\u012b sv\u0113tku dien\u0101s komisija ir ties\u012bga dokumentus nepie\u0146emt. &nbsp;Dokumentu iesnieg\u0161ana laic\u012bgi (vismaz ned\u0113\u013cu iepriek\u0161) ir j\u0101saska\u0146o ar komisijas sekret\u0101ri Agnesi J\u0113ci.<\/p>\n\n\n\n<p><strong>! Izgatavoto sertifik\u0101tu sa\u0146em\u0161ana<\/strong><\/p>\n\n\n\n<p>Izgatavotos optometrista sertifik\u0101tus var sa\u0146emt Latvijas Universit\u0101tes Dabas m\u0101j\u0101 jelgavas iel\u0101 1, 430. telp\u0101 pirms tam <strong>oblig\u0101ti<\/strong> vienojoties par iera\u0161an\u0101s dienu un laiku ar docenti Evitu Kassalieti WhatsApp +371 26324747<\/p>\n","protected":false},"excerpt":{"rendered":"<p>. Sertifik\u0101cijas komisijas priek\u0161s\u0113d\u0113t\u0101ja \u2013 Aija Makovska ( mob. tel. + 371 28396306) Sertifik\u0101cijas komisijas priek\u0161s\u0113d\u0113t\u0101jas vietniece \u2013 Zanda Ruskule Sertifik\u0101cijas komisijas sekret\u0101re \u2013 Agnese J\u0113ce Sertifik\u0101cijas komisijas locek\u013ci \u2013 &#8230;<\/p>\n","protected":false},"author":2,"featured_media":0,"parent":0,"menu_order":0,"comment_status":"closed","ping_status":"closed","template":"","meta":{"footnotes":""},"class_list":["post-2132","page","type-page","status-publish","hentry"],"_links":{"self":[{"href":"https:\/\/optometrija.lv\/index.php?rest_route=\/wp\/v2\/pages\/2132","targetHints":{"allow":["GET"]}}],"collection":[{"href":"https:\/\/optometrija.lv\/index.php?rest_route=\/wp\/v2\/pages"}],"about":[{"href":"https:\/\/optometrija.lv\/index.php?rest_route=\/wp\/v2\/types\/page"}],"author":[{"embeddable":true,"href":"https:\/\/optometrija.lv\/index.php?rest_route=\/wp\/v2\/users\/2"}],"replies":[{"embeddable":true,"href":"https:\/\/optometrija.lv\/index.php?rest_route=%2Fwp%2Fv2%2Fcomments&post=2132"}],"version-history":[{"count":6,"href":"https:\/\/optometrija.lv\/index.php?rest_route=\/wp\/v2\/pages\/2132\/revisions"}],"predecessor-version":[{"id":2812,"href":"https:\/\/optometrija.lv\/index.php?rest_route=\/wp\/v2\/pages\/2132\/revisions\/2812"}],"wp:attachment":[{"href":"https:\/\/optometrija.lv\/index.php?rest_route=%2Fwp%2Fv2%2Fmedia&parent=2132"}],"curies":[{"name":"wp","href":"https:\/\/api.w.org\/{rel}","templated":true}]}}