{"id":2205,"date":"2024-03-07T15:46:23","date_gmt":"2024-03-07T12:46:23","guid":{"rendered":"https:\/\/optometrija.lv\/?page_id=2205"},"modified":"2024-03-07T15:46:24","modified_gmt":"2024-03-07T12:46:24","slug":"apmacittiesigas-arstniecibas-personas-statusa-iegusana","status":"publish","type":"page","link":"https:\/\/optometrija.lv\/?page_id=2205","title":{"rendered":"Apm\u0101c\u012btties\u012bgas \u0101rstniec\u012bbas personas statusa ieg\u016b\u0161ana"},"content":{"rendered":"\n<p>Lai ieg\u016btu apm\u0101c\u012btties\u012bg\u0101s \u0101rstniec\u012bbas personas statusu, L\u0100PPOS apm\u0101c\u012btties\u012bbu komisija iek\u013cauj sarakst\u0101 Latvijas Republik\u0101 praktiz\u0113t ties\u012bgos pretendentus p\u0113c \u0161\u0101diem krit\u0113rijiem:<\/p>\n\n\n\n<ol class=\"wp-block-list\">\n<li>Pretendentam ir Sertifik\u0101ts atbilsto\u0161aj\u0101 pamatspecialit\u0101t\u0113 (m\u016bsu gad\u012bjum\u0101 &#8211; optometrij\u0101);<\/li>\n\n\n\n<li>Pretendents ir vismaz 1 (vienu) reizi resertific\u0113ts atbilsto\u0161aj\u0101 pamatspecialit\u0101t\u0113;<\/li>\n\n\n\n<li>Str\u0101d\u0101 normat\u012bvajos aktos noteikt\u0101m pras\u012bb\u0101m atbilsto\u0161\u0101 iest\u0101d\u0113, kur\u0101 ir attiec\u012bgai specialit\u0101tei atbilsto\u0161a profila speci\u0101listi un klienti, k\u0101 ar\u012b diagnostikai, \u0101rst\u0113\u0161anai un profilam atbilsto\u0161s tehniskais apr\u012bkojums un iek\u0101rtas;<\/li>\n\n\n\n<li>Regul\u0101ri ir paaugstin\u0101ta profesion\u0101l\u0101 kvalifik\u0101cija;<\/li>\n\n\n\n<li>Pretendentam ir <em><u>v\u0113lamas<\/u><\/em> uzst\u0101\u0161an\u0101s konferenc\u0113s, kongresos, publik\u0101cijas par profesion\u0101liem jaut\u0101jumiem, kas saist\u012bta ar pamatspecialit\u0101ti, dal\u012bba darba grup\u0101s, kas izstr\u0101d\u0101 ar pamatspecialit\u0101ti, \u0101rstniec\u012bbas vai diagnostisko metodi saist\u012btas rekomend\u0101cijas, metodiskos nor\u0101d\u012bjumus un citus materi\u0101lus<em>.<\/em><\/li>\n<\/ol>\n\n\n\n<p>Lai pretend\u0113tu uz apm\u0101c\u012btties\u012bg\u0101s \u0101rstniec\u012bbas personas statusu, dokumenti ir j\u0101iesniedz L\u0100PPOS apm\u0101c\u012btties\u012bbu komisijai. Anketa, kas j\u0101izpilda (taj\u0101 ar\u012b saraksts, k\u0101di dokumenti j\u0101pievieno) ir atrodama <strong><a href=\"https:\/\/lappos.lv\/index.php\/apmacittiesigas-arstniecibas-personas\/2-uncategorised\/38-noteikumi\" target=\"_blank\" rel=\"noreferrer noopener\">\u0161eit<\/a><\/strong>. P\u0113c anketas aizpild\u012b\u0161anas nepiecie\u0161ams LOOA saska\u0146ojums par kandidat\u016bras atbalst\u012b\u0161anu, t\u0101d\u0113\u013c nepiecie\u0161ams sazin\u0101ties ar LOOA valdes priek\u0161s\u0113d\u0113t\u0101ju Krist\u012bni Detkovu, lai norun\u0101tu paraksta sa\u0146em\u0161anu (kristine.detkova@gmail.com). Atg\u0101din\u0101m, ka ir j\u0101iesniedz abu optometrista sertifik\u0101tu kopijas un, ja apm\u0101c\u012btties\u012bg\u0101s \u0101rstniec\u012bbas personas apliec\u012bba jau ir bijusi izsniegta, tad ar\u012b t\u0101s kopiju.<\/p>\n\n\n\n<p>Apliec\u012bbas izgatavo\u0161ana maks\u0101 10,- eur, t\u0101s der\u012bguma termi\u0146\u0161 ir l\u012bdz pa\u0161reiz\u0113j\u0101 sertifik\u0101ta termi\u0146a beig\u0101m. L\u012bdz ar to, ja jums jau tuvojas optometrista sertifik\u0101ta beigu termi\u0146\u0161, tad j\u0101r\u0113\u0137in\u0101s, ka apliec\u012bba ar\u012b b\u016bs uz \u012bsu laiku. T\u0101d\u0113\u013c izdev\u012bgi ir apm\u0101c\u012btties\u012bg\u0101s \u0101rstniec\u012bbas statusa ieg\u016b\u0161anu k\u0101rtot, kad optometrista sertifik\u0101ts ir v\u0113l ilgi der\u012bgs, lai uzreiz nav j\u0101atk\u0101rto process un v\u0113lreiz j\u0101maks\u0101.<\/p>\n\n\n\n<p class=\"has-text-align-center\"><strong>Apm\u0101c\u012btties\u012bgo dokumentu iesnieg\u0161ana<\/strong><\/p>\n\n\n\n<p>Apm\u0101c\u012btties\u012bgo \u0101rstniec\u012bbas personu dokumentus iesniedz att\u0101lin\u0101ti, izmantojot \u0161\u0101das dokumentu iesnieg\u0161anas iesp\u0113jas:<\/p>\n\n\n\n<ul class=\"wp-block-list\">\n<li>s\u016btot pa pastu uz L\u0100PPOS adresi Miera iela 28-3, R\u012bga, LV-1001<\/li>\n\n\n\n<li>nog\u0101d\u0101jot L\u0100PPOS pasta kast\u012bt\u0113 Miera iela 28-3, R\u012bga (\u0101rdurvju kods 257)<\/li>\n\n\n\n<li>nos\u016btot elektroniski parakst\u012btus ar dro\u0161u elektronisko parakstu uz e-pastu:&nbsp;<a href=\"mailto:apmacittiesibas@lappos.lv\">apmacittiesibas@lappos.lv<\/a><\/li>\n<\/ul>\n\n\n\n<p><strong>L\u0100PPOS Apm\u0101c\u012btties\u012bgo komisija aicina un rekomend\u0113 pretendentus iesniegt nepiecie\u0161amos dokumentus elektroniski<\/strong>, izmantojot dro\u0161u elektronisko parakstu (l\u0113mums pie\u0146emts Apm\u0101c\u012btties\u012bgo komisijas s\u0113d\u0113, 12.03.2021.).<\/p>\n\n\n\n<p>Papildus inform\u0101cija:<br>T\u0101lrunis: 28612047<br>e-pasts:&nbsp;<a href=\"mailto:apmacittiesibas@lappos.lv\">apmacittiesibas@lappos.lv<\/a>&nbsp;<\/p>\n\n\n\n<p><strong>L\u0100PPOS Apm\u0101c\u012btties\u012bgo komisijas s\u0113\u017eu datumi 2024.gad\u0101:<br><\/strong>01.03.2024.<br>14.06.2024.<br>27.09.2024.<br>06.12.2024.<\/p>\n\n\n\n<p><\/p>\n","protected":false},"excerpt":{"rendered":"<p>Lai ieg\u016btu apm\u0101c\u012btties\u012bg\u0101s \u0101rstniec\u012bbas personas statusu, L\u0100PPOS apm\u0101c\u012btties\u012bbu komisija iek\u013cauj sarakst\u0101 Latvijas Republik\u0101 praktiz\u0113t ties\u012bgos pretendentus p\u0113c \u0161\u0101diem krit\u0113rijiem: Lai pretend\u0113tu uz apm\u0101c\u012btties\u012bg\u0101s \u0101rstniec\u012bbas personas statusu, dokumenti ir j\u0101iesniedz L\u0100PPOS &#8230;<\/p>\n","protected":false},"author":2,"featured_media":0,"parent":0,"menu_order":0,"comment_status":"closed","ping_status":"closed","template":"","meta":{"footnotes":""},"class_list":["post-2205","page","type-page","status-publish","hentry"],"_links":{"self":[{"href":"https:\/\/optometrija.lv\/index.php?rest_route=\/wp\/v2\/pages\/2205","targetHints":{"allow":["GET"]}}],"collection":[{"href":"https:\/\/optometrija.lv\/index.php?rest_route=\/wp\/v2\/pages"}],"about":[{"href":"https:\/\/optometrija.lv\/index.php?rest_route=\/wp\/v2\/types\/page"}],"author":[{"embeddable":true,"href":"https:\/\/optometrija.lv\/index.php?rest_route=\/wp\/v2\/users\/2"}],"replies":[{"embeddable":true,"href":"https:\/\/optometrija.lv\/index.php?rest_route=%2Fwp%2Fv2%2Fcomments&post=2205"}],"version-history":[{"count":1,"href":"https:\/\/optometrija.lv\/index.php?rest_route=\/wp\/v2\/pages\/2205\/revisions"}],"predecessor-version":[{"id":2206,"href":"https:\/\/optometrija.lv\/index.php?rest_route=\/wp\/v2\/pages\/2205\/revisions\/2206"}],"wp:attachment":[{"href":"https:\/\/optometrija.lv\/index.php?rest_route=%2Fwp%2Fv2%2Fmedia&parent=2205"}],"curies":[{"name":"wp","href":"https:\/\/api.w.org\/{rel}","templated":true}]}}