{"id":2211,"date":"2024-03-07T15:53:27","date_gmt":"2024-03-07T12:53:27","guid":{"rendered":"https:\/\/optometrija.lv\/?page_id=2211"},"modified":"2024-12-13T14:47:20","modified_gmt":"2024-12-13T11:47:20","slug":"arstniecibas-iestades-registresanai-noderigas-datnes","status":"publish","type":"page","link":"https:\/\/optometrija.lv\/?page_id=2211","title":{"rendered":"\u0100rstniec\u012bbas iest\u0101des re\u0123istr\u0113\u0161anai noder\u012bgas datnes"},"content":{"rendered":"\n<p>\u0100rstniec\u012bbas iest\u0101des re\u0123istr\u0101cijas process un ar to saist\u012bt\u0101s datnes (veidlapas un citi dokumenti) skat\u0101ms Vesel\u012bbas inspekcijas m\u0101jas lap\u0101 <strong><a href=\"https:\/\/www.vi.gov.lv\/lv\/pakalpojumi\/arstniecibas-iestades-registracija\">\u0161eit<\/a><\/strong>.<\/p>\n\n\n\n<p>LOOA Valdes iniciat\u012bvas grupa ar Linardu Kova\u013cevski un Inesi Grabovsku vad\u012bb\u0101 2021. gad\u0101 bija sagatavojusi noder\u012bgu dokumentu un paraugu kopu, kas var papildus noder\u0113t optikas uz\u0146\u0113mumiem \u0101rstniec\u012bbas iest\u0101des re\u0123istr\u0101cijas proces\u0101:<\/p>\n\n\n\n<p><strong><a href=\"https:\/\/optometrija.lv\/wp-content\/uploads\/2024\/03\/Prakse-izmantoto-medicinisko-tehnologiju-sarakts-un-optometrista-iekartas_LOOA-paraugs_v01_2021.04.26.docx\">Prakse izmantoto medicinisko tehnologiju sarakts un optometrista iekartas_LOOA paraugs_v01_2021.04.26<\/a><\/strong><\/p>\n\n\n\n<p><a href=\"https:\/\/optometrija.lv\/wp-content\/uploads\/2024\/03\/Pazinojums-par-atbilstibu-MK60-noteikumiem.doc\"><strong>Pazinojums par atbilstibu MK60 noteikumiem<\/strong><\/a><\/p>\n\n\n\n<p><strong><a href=\"https:\/\/optometrija.lv\/wp-content\/uploads\/2024\/03\/Neatliekama-med.-palidziba-AI_LOOA-paraugs_v01_2021.04.23.docx\">Neatliekama med. palidziba AI_LOOA paraugs_v01_2021.04.23<\/a><\/strong><\/p>\n\n\n\n<p><strong><a href=\"https:\/\/optometrija.lv\/wp-content\/uploads\/2024\/03\/Kvalitates-vadibas-sistema_LOOA-paraugs_v03_2021.05.07.docx\">Kvalitates vadibas sistema_LOOA paraugs_v03_2021.05.07<\/a><\/strong><\/p>\n\n\n\n<p><strong><a href=\"https:\/\/optometrija.lv\/wp-content\/uploads\/2024\/03\/Gripas-epidemijas-plans_LOOA-paraugs_v01_2021.04.26.docx\">Gripas epidemijas plans_LOOA paraugs_v01_2021.04.26<\/a><\/strong><\/p>\n\n\n\n<p><strong><a href=\"https:\/\/optometrija.lv\/wp-content\/uploads\/2024\/03\/Covid-19_Darba-deveja-riciba-kontaktpersonu-noteiksana_2021.04.26.pdf\">Covid-19_Darba deveja riciba kontaktpersonu noteiksana_2021.04.26<\/a><\/strong><\/p>\n\n\n\n<p><strong><a href=\"https:\/\/optometrija.lv\/wp-content\/uploads\/2024\/03\/Covid-19-ierobezosana_Darbibu-apraksts-uznemuma_LOOA-paraugs_v01_2021.04.26.docx\">Covid-19 ierobezosana_Darbibu apraksts uznemuma_LOOA paraugs_v01_2021.04.26<\/a><\/strong><\/p>\n\n\n\n<p><strong><a href=\"https:\/\/optometrija.lv\/wp-content\/uploads\/2024\/03\/Arstniecibas-iestades-registracijas-iesnieguma-veidlapa.doc\">Arstniecibas iestades re\u0123istracijas iesnieguma veidlapa<\/a><\/strong><\/p>\n\n\n\n<p><strong><a href=\"https:\/\/optometrija.lv\/wp-content\/uploads\/2024\/03\/Arstniecibas-iestades-higieniska-un-pretepidemiska-rezima-plans_LOOA_paraugs_v01_2021.04.21.docx\">Arstniecibas iestades higieniska un pretepidemiska rezima plans_LOOA_paraugs_v01_2021.04.21<\/a><\/strong><\/p>\n\n\n\n<p><strong><a href=\"https:\/\/optometrija.lv\/wp-content\/uploads\/2024\/03\/Amata-apraksts_Optometrists_LOOA-paraugs_v02_2021.05.17.docx\">Amata apraksts_Optometrists_LOOA paraugs_v02_2021.05.17<\/a><\/strong><\/p>\n","protected":false},"excerpt":{"rendered":"<p>\u0100rstniec\u012bbas iest\u0101des re\u0123istr\u0101cijas process un ar to saist\u012bt\u0101s datnes (veidlapas un citi dokumenti) skat\u0101ms Vesel\u012bbas inspekcijas m\u0101jas lap\u0101 \u0161eit. LOOA Valdes iniciat\u012bvas grupa ar Linardu Kova\u013cevski un Inesi Grabovsku vad\u012bb\u0101 &#8230;<\/p>\n","protected":false},"author":2,"featured_media":0,"parent":0,"menu_order":0,"comment_status":"closed","ping_status":"closed","template":"","meta":{"footnotes":""},"class_list":["post-2211","page","type-page","status-publish","hentry"],"_links":{"self":[{"href":"https:\/\/optometrija.lv\/index.php?rest_route=\/wp\/v2\/pages\/2211","targetHints":{"allow":["GET"]}}],"collection":[{"href":"https:\/\/optometrija.lv\/index.php?rest_route=\/wp\/v2\/pages"}],"about":[{"href":"https:\/\/optometrija.lv\/index.php?rest_route=\/wp\/v2\/types\/page"}],"author":[{"embeddable":true,"href":"https:\/\/optometrija.lv\/index.php?rest_route=\/wp\/v2\/users\/2"}],"replies":[{"embeddable":true,"href":"https:\/\/optometrija.lv\/index.php?rest_route=%2Fwp%2Fv2%2Fcomments&post=2211"}],"version-history":[{"count":4,"href":"https:\/\/optometrija.lv\/index.php?rest_route=\/wp\/v2\/pages\/2211\/revisions"}],"predecessor-version":[{"id":2653,"href":"https:\/\/optometrija.lv\/index.php?rest_route=\/wp\/v2\/pages\/2211\/revisions\/2653"}],"wp:attachment":[{"href":"https:\/\/optometrija.lv\/index.php?rest_route=%2Fwp%2Fv2%2Fmedia&parent=2211"}],"curies":[{"name":"wp","href":"https:\/\/api.w.org\/{rel}","templated":true}]}}