{"id":2513,"date":"2024-09-19T14:25:34","date_gmt":"2024-09-19T11:25:34","guid":{"rendered":"https:\/\/optometrija.lv\/?page_id=2513"},"modified":"2025-04-24T09:40:13","modified_gmt":"2025-04-24T07:40:13","slug":"veidlapas","status":"publish","type":"page","link":"https:\/\/optometrija.lv\/?page_id=2513","title":{"rendered":"Veidlapas un paraugi"},"content":{"rendered":"\n<p><a href=\"https:\/\/optometrija.lv\/wp-content\/uploads\/2024\/09\/Talakizglitibas-pasakuma-pieteikums-sadarbibai-ar-LOOA.docx\"><strong>T\u0101l\u0101kizgl\u012bt\u012bbas pas\u0101kuma pieteikums sadarb\u012bbai ar LOOA (Word form\u0101t\u0101)<\/strong><\/a><\/p>\n\n\n\n<p><a href=\"https:\/\/optometrija.lv\/wp-content\/uploads\/2025\/04\/LOOA_logo.jpg\"><strong>LOOA logo JPG (uz balta fona)<\/strong><\/a><\/p>\n\n\n\n<p><strong><a href=\"https:\/\/optometrija.lv\/wp-content\/uploads\/2025\/04\/LOOA_logo_baltiburtitransp.tif\">LOOA logo TIFF (bez fona)<\/a><\/strong><\/p>\n\n\n\n<p><\/p>\n","protected":false},"excerpt":{"rendered":"<p>T\u0101l\u0101kizgl\u012bt\u012bbas pas\u0101kuma pieteikums sadarb\u012bbai ar LOOA (Word form\u0101t\u0101) LOOA logo JPG (uz balta fona) LOOA logo TIFF (bez fona)<\/p>\n","protected":false},"author":2,"featured_media":0,"parent":0,"menu_order":0,"comment_status":"closed","ping_status":"closed","template":"","meta":{"footnotes":""},"class_list":["post-2513","page","type-page","status-publish","hentry"],"_links":{"self":[{"href":"https:\/\/optometrija.lv\/index.php?rest_route=\/wp\/v2\/pages\/2513","targetHints":{"allow":["GET"]}}],"collection":[{"href":"https:\/\/optometrija.lv\/index.php?rest_route=\/wp\/v2\/pages"}],"about":[{"href":"https:\/\/optometrija.lv\/index.php?rest_route=\/wp\/v2\/types\/page"}],"author":[{"embeddable":true,"href":"https:\/\/optometrija.lv\/index.php?rest_route=\/wp\/v2\/users\/2"}],"replies":[{"embeddable":true,"href":"https:\/\/optometrija.lv\/index.php?rest_route=%2Fwp%2Fv2%2Fcomments&post=2513"}],"version-history":[{"count":3,"href":"https:\/\/optometrija.lv\/index.php?rest_route=\/wp\/v2\/pages\/2513\/revisions"}],"predecessor-version":[{"id":2822,"href":"https:\/\/optometrija.lv\/index.php?rest_route=\/wp\/v2\/pages\/2513\/revisions\/2822"}],"wp:attachment":[{"href":"https:\/\/optometrija.lv\/index.php?rest_route=%2Fwp%2Fv2%2Fmedia&parent=2513"}],"curies":[{"name":"wp","href":"https:\/\/api.w.org\/{rel}","templated":true}]}}