{"id":2755,"date":"2025-03-22T19:18:52","date_gmt":"2025-03-22T17:18:52","guid":{"rendered":"https:\/\/optometrija.lv\/?page_id=2755"},"modified":"2025-03-22T19:18:53","modified_gmt":"2025-03-22T17:18:53","slug":"looa-prasibas-tip-pieskirsanai","status":"publish","type":"page","link":"https:\/\/optometrija.lv\/?page_id=2755","title":{"rendered":"LOOA pras\u012bbas TIP pie\u0161\u0137ir\u0161anai"},"content":{"rendered":"\n<p class=\"has-text-align-center has-medium-font-size\"><strong>Latvijas Optometristu un opti\u0137u asoci\u0101cijas organiz\u0113to pas\u0101kumu apmekl\u0113juma sertifik\u0101ta pie\u0161\u0137ir\u0161anas noteikumi<\/strong><\/p>\n\n\n\n<p>1. LOOA organiz\u0113tajos un LOOA atbalst\u012btajos t\u0101l\u0101kizgl\u012bt\u012bbas pas\u0101kumos noteikt sekojo\u0161us minim\u0101los krit\u0113rijus apmekl\u0113juma sertifik\u0101ta ieg\u016b\u0161anai:<\/p>\n\n\n\n<ol class=\"wp-block-list\"><\/ol>\n\n\n\n<p>1.1. <span style=\"font-size: 0.875rem;\">Tie\u0161saistes pas\u0101kumiem<\/span><\/p>\n\n\n\n<p>1.1.1. <span style=\"font-size: revert;\">Dal\u012bbniekam j\u0101piesl\u0113dzas ar redzamu un nep\u0101rprotamu v\u0101rdu un uzv\u0101rdu. \u0160ifr\u0113tiem, sa\u012bsin\u0101tiem un nepilniem personu apz\u012bm\u0113jumiem \u012bpa\u0161nieks netiks mekl\u0113ts un apmekl\u0113juma sertifik\u0101ts pie\u0161\u0137irts netiks.<\/span><\/p>\n\n\n\n<p>1.1.2. <span style=\"font-size: revert;\">Pas\u0101kuma dal\u012bbnieka summ\u0101rajam piesl\u0113g\u0161an\u0101s laikam j\u0101b\u016bt vismaz 75% no kop\u0113j\u0101 pas\u0101kuma programm\u0101 izsludin\u0101t\u0101 pas\u0101kuma ilguma.<\/span><\/p>\n\n\n\n<p>1.1.3. <span style=\"font-size: revert;\">Minim\u0101lais nepiecie\u0161amais dal\u012bbas ilgums tiek apr\u0113\u0137in\u0101ts pirms pas\u0101kuma norises s\u0101kuma.<\/span><\/p>\n\n\n\n<p>1.1.4. <span style=\"font-size: revert;\">Piesl\u0113g\u0161an\u0101s pirms noteikt\u0101 pas\u0101kuma s\u0101kuma laika un palik\u0161ana tie\u0161saist\u0113 p\u0113c pas\u0101kuma nosl\u0113guma netiek v\u0113rt\u0113ta.<\/span><\/p>\n\n\n\n<p>1.1.5. <span style=\"font-size: revert;\">Gad\u012bjumos, kad pas\u0101kums ieilgst, par pas\u0101kuma ilgumu tiek uzskat\u012bts pas\u0101kuma programm\u0101 nor\u0101d\u012btais laika periods un par ieilgu\u0161o papildlaiku papildu TIP punkti netiek doti.<\/span><\/p>\n\n\n\n<p>1.1.6. <span style=\"font-size: revert;\">Gad\u012bjumos, kad pas\u0101kums ieilgst un kad dal\u012bbnieks pas\u0101kuma vid\u016b ir \u012bslaic\u012bgi atsl\u0113dzies vienu vai vair\u0101kas reizes, vi\u0146a re\u0101l\u0101 apmekl\u0113juma uzskait\u0113 tiek ieskait\u012bts viss vi\u0146a pas\u0101kuma norises laik\u0101 pavad\u012btais dal\u012bbas laiks, summ\u0113jot visus piesl\u0113guma periodus, tai skait\u0101 papildlaik\u0101 notiku\u0161os piesl\u0113guma periodus.<\/span><\/p>\n\n\n\n<p>1.2. Kl\u0101tienes pas\u0101kumiem<\/p>\n\n\n\n<p>1.2.1. Pas\u0101kuma apmekl\u0113t\u0101jam j\u0101re\u0123istr\u0113jas ar savu pilnu v\u0101rdu un uzv\u0101rdu<\/p>\n\n\n\n<p>1.2.2. Pas\u0101kuma dal\u012bbnieka summ\u0101rajam dal\u012bbas laikam j\u0101b\u016bt vismaz 75% no kop\u0113j\u0101 pas\u0101kuma programm\u0101 izsludin\u0101t\u0101 pas\u0101kuma ilguma.<\/p>\n\n\n\n<p>1.2.3. Apmekl\u0113juma laika uzskaitei j\u0101veic divreiz\u0113ja re\u0123istr\u0101cija.<\/p>\n\n\n\n<p>1.2.4. Pirm\u0101 re\u0123istr\u0101cija: dal\u012bbniekam j\u0101re\u0123istr\u0113jas dal\u012bbai pirms pas\u0101kuma s\u0101kuma, parakstoties re\u0123istr\u0101cijas lap\u0101 vai realiz\u0113jot konkr\u0113taj\u0101 pas\u0101kum\u0101 noteikto re\u0123istr\u0101cijas veidu.<\/p>\n\n\n\n<p>1.2.5. Otr\u0101 re\u0123istr\u0101cija: dal\u012bbniekam j\u0101re\u0123istr\u0113jas atk\u0101rtoti pas\u0101kuma organizatora noteiktaj\u0101 laik\u0101 (vai nu br\u012bd\u012b, kas apz\u012bm\u0113 75% no pl\u0101not\u0101 pas\u0101kuma ilguma vai ar\u012b pas\u0101kuma beig\u0101s p\u0113c nosl\u0113guma \u2013 atkar\u012bb\u0101 no organizatora izvirz\u012btaj\u0101m pras\u012bb\u0101m)<\/p>\n\n\n\n<p>1.2.6. Pas\u0101kuma organizatoram ir ties\u012bbas sl\u0113gt re\u0123istr\u0101ciju br\u012bd\u012b, kad s\u0101kas pas\u0101kuma norise.<\/p>\n\n\n\n<p>1.2.7. Pas\u0101kumu organizatoriem ir ties\u012bbas noteikt savus krit\u0113rijus apmekl\u0113juma sertifik\u0101tu izsnieg\u0161anai, bet tie nedr\u012bkst b\u016bt v\u0101j\u0101ki par LOOA Kvalifik\u0101cijas padomes noteiktajiem apmekl\u0113juma ieskaites krit\u0113rijiem.<\/p>\n\n\n\n<ol class=\"wp-block-list\"><\/ol>\n\n\n\n<p>2. Ja pas\u0101kumu organizatoru noteiktie krit\u0113riji apmekl\u0113juma sertifik\u0101tu izsnieg\u0161anai at\u0161\u0137iras no LOOA Kvalifik\u0101cijas padomes noteiktajiem krit\u0113rijiem, par izvirz\u012btaj\u0101m pras\u012bb\u0101m pas\u0101kuma dal\u012bbnieki j\u0101inform\u0113 pirms pas\u0101kuma, iek\u013caujot tos pas\u0101kuma aprakst\u0101 zem pas\u0101kuma programmas.\u00a0<\/p>\n\n\n\n<p>3. Specifiski optometristiem paredz\u0113tu t\u0101l\u0101kizgl\u012bt\u012bbas pas\u0101kumu organizatoriem, kuri nav izgl\u012bt\u012bbas iest\u0101des, re\u0123istr\u0113tas izgl\u012bt\u012bbas programmas vai citas profesion\u0101l\u0101s asoci\u0101cijas, ir pien\u0101kums iev\u0101kt un apkopot datus par dal\u012bbnieku apmekl\u0113jumiem un 30 dienu laik\u0101 p\u0113c pas\u0101kuma nosl\u0113guma nos\u016bt\u012bt datu apkopojumu LOOA uz e-pastu <a href=\"mailto:looasociacija@gmail.com\">looasociacija@gmail.com<\/a>. LOOA datus par pas\u0101kumu apmekl\u0113jumiem glab\u0101 5 gadus.<\/p>\n\n\n\n<p>4. LOOA Kvalifik\u0101cijas padomei ir ties\u012bbas p\u0101rbaud\u012bt specifiski optometristiem organiz\u0113tu pas\u0101kumu norises laiku un kvalit\u0101ti, apmekl\u0113jot pas\u0101kumu bez iepriek\u0161\u0113ja br\u012bdin\u0101juma. Ja Kvalifik\u0101cijas padomes loceklis bez br\u012bdin\u0101juma ierodas veikt pas\u0101kuma norises p\u0101rbaudi, vi\u0146\u0161 netiek uzskat\u012bts par pas\u0101kuma dal\u012bbnieku. Gad\u012bjumos, kad kontrol\u0113jo\u0161\u0101 persona konstat\u0113 pas\u0101kuma neatbilst\u012bbu pieteiktajam pl\u0101nam vai kad netiek izpild\u012bti minim\u0101l\u0101 apmekl\u0113juma ieskaites krit\u0113riji, LOOA ir ties\u012bbas p\u0101rv\u0113rt\u0113t pas\u0101kumu piem\u0113rot\u012bbu optometristu t\u0101l\u0101kizgl\u012bt\u012bbas pas\u0101kumam.<\/p>\n\n\n\n<p class=\"has-text-align-right\">07.03.2025. \u00a0\u00a0\u00a0\u00a0\u00a0\u00a0\u00a0\u00a0\u00a0\u00a0\u00a0\u00a0\u00a0\u00a0\u00a0\u00a0\u00a0\u00a0\u00a0\u00a0\u00a0\u00a0\u00a0\u00a0\u00a0\u00a0\u00a0\u00a0\u00a0\u00a0\u00a0\u00a0\u00a0\u00a0\u00a0\u00a0\u00a0\u00a0\u00a0\u00a0\u00a0\u00a0\u00a0\u00a0\u00a0\u00a0\u00a0\u00a0\u00a0\u00a0\u00a0\u00a0\u00a0\u00a0 \u00a0\u00a0\u00a0\u00a0\u00a0\u00a0\u00a0\u00a0\u00a0\u00a0\u00a0\u00a0\u00a0\u00a0\u00a0 <\/p>\n\n\n\n<p class=\"has-text-align-right\">LOOA<\/p>\n\n\n\n<p class=\"has-text-align-right\">Kvalifik\u0101cijas padomes priek\u0161s\u0113d\u0113t\u0101ja<\/p>\n\n\n\n<p class=\"has-text-align-right\">Evita Kassaliete<\/p>\n\n\n\n<p class=\"has-text-align-right has-white-color has-text-color has-link-color wp-elements-5f9e2f7184191734f00de45f4177594f\">.<\/p>\n\n\n\n<p class=\"has-text-align-right\">13.03.2025. \u00a0\u00a0\u00a0\u00a0\u00a0\u00a0\u00a0\u00a0\u00a0\u00a0\u00a0\u00a0\u00a0\u00a0\u00a0\u00a0\u00a0\u00a0\u00a0\u00a0\u00a0\u00a0\u00a0\u00a0\u00a0\u00a0\u00a0\u00a0\u00a0\u00a0\u00a0\u00a0\u00a0\u00a0\u00a0\u00a0\u00a0\u00a0\u00a0\u00a0\u00a0\u00a0\u00a0\u00a0\u00a0\u00a0\u00a0\u00a0\u00a0\u00a0\u00a0\u00a0\u00a0\u00a0\u00a0\u00a0\u00a0\u00a0\u00a0\u00a0\u00a0\u00a0\u00a0\u00a0\u00a0\u00a0\u00a0\u00a0\u00a0\u00a0 <\/p>\n\n\n\n<p class=\"has-text-align-right\">Saska\u0146ots: LOOA Vald\u0113<\/p>\n\n\n\n<p class=\"has-text-align-right\">LOOA valdes priek\u0161s\u0113d\u0113t\u0101ja<\/p>\n\n\n\n<p class=\"has-text-align-right\">Krist\u012bne Detkova<\/p>\n","protected":false},"excerpt":{"rendered":"<p>Latvijas Optometristu un opti\u0137u asoci\u0101cijas organiz\u0113to pas\u0101kumu apmekl\u0113juma sertifik\u0101ta pie\u0161\u0137ir\u0161anas noteikumi 1. LOOA organiz\u0113tajos un LOOA atbalst\u012btajos t\u0101l\u0101kizgl\u012bt\u012bbas pas\u0101kumos noteikt sekojo\u0161us minim\u0101los krit\u0113rijus apmekl\u0113juma sertifik\u0101ta ieg\u016b\u0161anai: 1.1. Tie\u0161saistes pas\u0101kumiem 1.1.1. &#8230;<\/p>\n","protected":false},"author":2,"featured_media":0,"parent":0,"menu_order":0,"comment_status":"closed","ping_status":"closed","template":"","meta":{"footnotes":""},"class_list":["post-2755","page","type-page","status-publish","hentry"],"_links":{"self":[{"href":"https:\/\/optometrija.lv\/index.php?rest_route=\/wp\/v2\/pages\/2755","targetHints":{"allow":["GET"]}}],"collection":[{"href":"https:\/\/optometrija.lv\/index.php?rest_route=\/wp\/v2\/pages"}],"about":[{"href":"https:\/\/optometrija.lv\/index.php?rest_route=\/wp\/v2\/types\/page"}],"author":[{"embeddable":true,"href":"https:\/\/optometrija.lv\/index.php?rest_route=\/wp\/v2\/users\/2"}],"replies":[{"embeddable":true,"href":"https:\/\/optometrija.lv\/index.php?rest_route=%2Fwp%2Fv2%2Fcomments&post=2755"}],"version-history":[{"count":1,"href":"https:\/\/optometrija.lv\/index.php?rest_route=\/wp\/v2\/pages\/2755\/revisions"}],"predecessor-version":[{"id":2756,"href":"https:\/\/optometrija.lv\/index.php?rest_route=\/wp\/v2\/pages\/2755\/revisions\/2756"}],"wp:attachment":[{"href":"https:\/\/optometrija.lv\/index.php?rest_route=%2Fwp%2Fv2%2Fmedia&parent=2755"}],"curies":[{"name":"wp","href":"https:\/\/api.w.org\/{rel}","templated":true}]}}