{"id":3129,"date":"2025-12-07T20:58:14","date_gmt":"2025-12-07T18:58:14","guid":{"rendered":"https:\/\/optometrija.lv\/?page_id=3129"},"modified":"2025-12-07T21:07:35","modified_gmt":"2025-12-07T19:07:35","slug":"eaoo-2026","status":"publish","type":"page","link":"https:\/\/optometrija.lv\/?page_id=3129","title":{"rendered":"EAOO 2026"},"content":{"rendered":"\n<p>LOOA ir tas gods uz\u0146emt pie mums m\u0101j\u0101s &#8211; R\u012bg\u0101 Eiropas Optometrijas un optikas akad\u0113mijas 2026. gada konferenci &#8211; EAOO 2026. Tr\u012bs dienu garum\u0101 no 15. l\u012bdz 17. maijam pie mums viesosies kol\u0113\u0123i ne tikai no Eiropas, bet ar\u012b cit\u0101m pasaules valst\u012bm, lai m\u0113s visi kop\u0101 var\u0113tu lekcij\u0101s un meistarklas\u0113s apg\u016bt aktu\u0101l\u0101ko optometrijas un optikas nozar\u0113.<\/p>\n\n\n\n<p>EAOO 2026 konference notiks Latvijas Universit\u0101tes Dabaszin\u0101t\u0146u akad\u0113misk\u0101 centra Zin\u0101t\u0146u m\u0101j\u0101, Jelgavas iel\u0101 3, R\u012bg\u0101.<\/p>\n\n\n\n<p>No 14. l\u012bdz 16. maijam gandr\u012bz paral\u0113li EAOO konferencei LU Dabaszin\u0101t\u0146u akad\u0113misk\u0101 centra Dabas m\u0101j\u0101 notiks ECOO &#8211; Eiropas Optometrijas un optikas padomes san\u0101ksme. <\/p>\n\n\n\n<p><strong><a href=\"https:\/\/eaooconference.com\/\">Uz EAOO 2026 m\u0101jas lapu<\/a><\/strong><\/p>\n\n\n\n<figure class=\"wp-block-gallery has-nested-images columns-default is-cropped wp-block-gallery-1 is-layout-flex wp-block-gallery-is-layout-flex\">\n<figure class=\"wp-block-image size-large\"><img loading=\"lazy\" decoding=\"async\" width=\"1024\" height=\"520\" data-id=\"2922\" src=\"https:\/\/optometrija.lv\/wp-content\/uploads\/2025\/06\/Ekranuznemums-2025-06-30-224151-1024x520.jpg\" alt=\"\" class=\"wp-image-2922\" srcset=\"https:\/\/optometrija.lv\/wp-content\/uploads\/2025\/06\/Ekranuznemums-2025-06-30-224151-1024x520.jpg 1024w, https:\/\/optometrija.lv\/wp-content\/uploads\/2025\/06\/Ekranuznemums-2025-06-30-224151-300x152.jpg 300w, https:\/\/optometrija.lv\/wp-content\/uploads\/2025\/06\/Ekranuznemums-2025-06-30-224151-768x390.jpg 768w, https:\/\/optometrija.lv\/wp-content\/uploads\/2025\/06\/Ekranuznemums-2025-06-30-224151.jpg 1407w\" sizes=\"auto, (max-width: 1024px) 100vw, 1024px\" \/><\/figure>\n<\/figure>\n\n\n\n<p><\/p>\n\n\n\n<p><strong>&#8220;OPTOKONF&#8221; &#8211; LOOA dibin\u0101ta SIA EAOO 2026 konferences organiz\u0113\u0161anai<\/strong><\/p>\n\n\n\n<p>Juridisk\u0101 adrese: \u0136engaraga iela 8, R\u012bga, Latvija, LV-1063<br>Re\u0123istr\u0101cijas numurs:\u00a040203659509<\/p>\n\n\n\n<p>E-pasts sazi\u0146ai par EAOO 2026 konferences jaut\u0101jumiem<strong>:\u00a0<\/strong><em>info@eaooconference.com<\/em><\/p>\n","protected":false},"excerpt":{"rendered":"<p>LOOA ir tas gods uz\u0146emt pie mums m\u0101j\u0101s &#8211; R\u012bg\u0101 Eiropas Optometrijas un optikas akad\u0113mijas 2026. gada konferenci &#8211; EAOO 2026. Tr\u012bs dienu garum\u0101 no 15. l\u012bdz 17. maijam pie &#8230;<\/p>\n","protected":false},"author":2,"featured_media":0,"parent":0,"menu_order":0,"comment_status":"closed","ping_status":"closed","template":"","meta":{"footnotes":""},"class_list":["post-3129","page","type-page","status-publish","hentry"],"_links":{"self":[{"href":"https:\/\/optometrija.lv\/index.php?rest_route=\/wp\/v2\/pages\/3129","targetHints":{"allow":["GET"]}}],"collection":[{"href":"https:\/\/optometrija.lv\/index.php?rest_route=\/wp\/v2\/pages"}],"about":[{"href":"https:\/\/optometrija.lv\/index.php?rest_route=\/wp\/v2\/types\/page"}],"author":[{"embeddable":true,"href":"https:\/\/optometrija.lv\/index.php?rest_route=\/wp\/v2\/users\/2"}],"replies":[{"embeddable":true,"href":"https:\/\/optometrija.lv\/index.php?rest_route=%2Fwp%2Fv2%2Fcomments&post=3129"}],"version-history":[{"count":4,"href":"https:\/\/optometrija.lv\/index.php?rest_route=\/wp\/v2\/pages\/3129\/revisions"}],"predecessor-version":[{"id":3136,"href":"https:\/\/optometrija.lv\/index.php?rest_route=\/wp\/v2\/pages\/3129\/revisions\/3136"}],"wp:attachment":[{"href":"https:\/\/optometrija.lv\/index.php?rest_route=%2Fwp%2Fv2%2Fmedia&parent=3129"}],"curies":[{"name":"wp","href":"https:\/\/api.w.org\/{rel}","templated":true}]}}